{"id":514,"date":"2026-02-27T09:47:21","date_gmt":"2026-02-27T07:47:21","guid":{"rendered":"https:\/\/kerdoerik.keriweb.hu\/?post_type=product&#038;p=514"},"modified":"2026-02-27T09:47:21","modified_gmt":"2026-02-27T07:47:21","slug":"yeezy-6","status":"publish","type":"product","link":"https:\/\/kerdoerik.keriweb.hu\/en\/product\/yeezy-6\/","title":{"rendered":"Yeezy"},"content":{"rendered":"<p>Az Yeezy eredetileg az amerikai rapper-designer Ye (kor\u00e1bban Kanye West) \u00e9s az adidas k\u00f6z\u00f6s sneaker-\u00e9s ruham\u00e1rk\u00e1ja volt, amelyb\u0151l 2015-ben indult az els\u0151 modell. A cip\u0151k k\u00fcl\u00f6nleges, futurisztikus diz\u00e1jnjuk \u00e9s magas komfort\u00e9rzet\u00fck miatt nagyon gyorsan n\u00e9pszer\u0171v\u00e9 v\u00e1ltak a sneaker-rajong\u00f3k k\u00f6r\u00e9ben vil\u00e1gszerte. A legt\u00f6bb ikonikus Yeezy modell Boost p\u00e1rn\u00e1z\u00e1ssal k\u00e9sz\u00fclt, ami extra k\u00e9nyelmet \u00e9s rugalmass\u00e1got ad minden l\u00e9p\u00e9sn\u00e9l.\ud83d\udc5f<\/p>","protected":false},"excerpt":{"rendered":"<p>Az Yeezy eredetileg az amerikai rapper-designer Ye (kor\u00e1bban Kanye West) \u00e9s az adidas k\u00f6z\u00f6s sneaker-\u00e9s ruham\u00e1rk\u00e1ja volt, amelyb\u0151l 2015-ben indult az els\u0151 modell. A cip\u0151k k\u00fcl\u00f6nleges, futurisztikus diz\u00e1jnjuk \u00e9s magas komfort\u00e9rzet\u00fck miatt nagyon gyorsan n\u00e9pszer\u0171v\u00e9 v\u00e1ltak a sneaker-rajong\u00f3k k\u00f6r\u00e9ben vil\u00e1gszerte. A legt\u00f6bb ikonikus Yeezy modell Boost p\u00e1rn\u00e1z\u00e1ssal k\u00e9sz\u00fclt, ami extra k\u00e9nyelmet \u00e9s rugalmass\u00e1got ad minden [&hellip;]<\/p>\n","protected":false},"featured_media":486,"template":"","meta":{"_acf_changed":false},"product_brand":[41],"product_cat":[16],"product_tag":[43,42,48],"class_list":{"0":"post-514","1":"product","2":"type-product","3":"status-publish","4":"has-post-thumbnail","6":"product_brand-adidas","7":"product_cat-cipo","8":"product_tag-adidas","9":"product_tag-boost","10":"product_tag-yeezy","12":"first","13":"instock","14":"taxable","15":"shipping-taxable","16":"purchasable","17":"product-type-variable"},"acf":[],"yoast_head":"<!-- This site is optimized with the Yoast SEO plugin v27.3 - https:\/\/yoast.com\/product\/yoast-seo-wordpress\/ -->\n<title>Yeezy - Sneakyard<\/title>\n<meta name=\"robots\" content=\"index, follow, max-snippet:-1, max-image-preview:large, max-video-preview:-1\" \/>\n<link rel=\"canonical\" href=\"https:\/\/kerdoerik.keriweb.hu\/en\/product\/yeezy-6\/\" \/>\n<meta property=\"og:locale\" content=\"en_GB\" \/>\n<meta property=\"og:type\" content=\"article\" \/>\n<meta property=\"og:title\" content=\"Yeezy - Sneakyard\" \/>\n<meta property=\"og:description\" content=\"Az Yeezy eredetileg az amerikai rapper-designer Ye (kor\u00e1bban Kanye West) \u00e9s az adidas k\u00f6z\u00f6s sneaker-\u00e9s ruham\u00e1rk\u00e1ja volt, amelyb\u0151l 2015-ben indult az els\u0151 modell. A cip\u0151k k\u00fcl\u00f6nleges, futurisztikus diz\u00e1jnjuk \u00e9s magas komfort\u00e9rzet\u00fck miatt nagyon gyorsan n\u00e9pszer\u0171v\u00e9 v\u00e1ltak a sneaker-rajong\u00f3k k\u00f6r\u00e9ben vil\u00e1gszerte. A legt\u00f6bb ikonikus Yeezy modell Boost p\u00e1rn\u00e1z\u00e1ssal k\u00e9sz\u00fclt, ami extra k\u00e9nyelmet \u00e9s rugalmass\u00e1got ad minden [&hellip;]\" \/>\n<meta property=\"og:url\" content=\"https:\/\/kerdoerik.keriweb.hu\/en\/product\/yeezy-6\/\" \/>\n<meta property=\"og:site_name\" content=\"Sneakyard\" \/>\n<meta property=\"og:image\" content=\"https:\/\/kerdoerik.keriweb.hu\/wp-content\/uploads\/2026\/02\/legyen-egy-yeezy-ami-2-szibol-all.jpg\" \/>\n\t<meta property=\"og:image:width\" content=\"1600\" \/>\n\t<meta property=\"og:image:height\" content=\"896\" \/>\n\t<meta property=\"og:image:type\" content=\"image\/jpeg\" \/>\n<meta name=\"twitter:card\" content=\"summary_large_image\" \/>\n<meta name=\"twitter:label1\" content=\"Estimated reading time\" \/>\n\t<meta name=\"twitter:data1\" content=\"1 minute\" \/>\n<script type=\"application\/ld+json\" class=\"yoast-schema-graph\">{\"@context\":\"https:\\\/\\\/schema.org\",\"@graph\":[{\"@type\":\"WebPage\",\"@id\":\"https:\\\/\\\/kerdoerik.keriweb.hu\\\/termek\\\/yeezy-6\\\/\",\"url\":\"https:\\\/\\\/kerdoerik.keriweb.hu\\\/termek\\\/yeezy-6\\\/\",\"name\":\"Yeezy - Sneakyard\",\"isPartOf\":{\"@id\":\"https:\\\/\\\/kerdoerik.keriweb.hu\\\/#website\"},\"primaryImageOfPage\":{\"@id\":\"https:\\\/\\\/kerdoerik.keriweb.hu\\\/termek\\\/yeezy-6\\\/#primaryimage\"},\"image\":{\"@id\":\"https:\\\/\\\/kerdoerik.keriweb.hu\\\/termek\\\/yeezy-6\\\/#primaryimage\"},\"thumbnailUrl\":\"https:\\\/\\\/kerdoerik.keriweb.hu\\\/wp-content\\\/uploads\\\/2026\\\/02\\\/legyen-egy-yeezy-ami-2-szibol-all.jpg\",\"datePublished\":\"2026-02-27T07:47:21+00:00\",\"breadcrumb\":{\"@id\":\"https:\\\/\\\/kerdoerik.keriweb.hu\\\/termek\\\/yeezy-6\\\/#breadcrumb\"},\"inLanguage\":\"en-GB\",\"potentialAction\":[{\"@type\":\"ReadAction\",\"target\":[\"https:\\\/\\\/kerdoerik.keriweb.hu\\\/termek\\\/yeezy-6\\\/\"]}]},{\"@type\":\"ImageObject\",\"inLanguage\":\"en-GB\",\"@id\":\"https:\\\/\\\/kerdoerik.keriweb.hu\\\/termek\\\/yeezy-6\\\/#primaryimage\",\"url\":\"https:\\\/\\\/kerdoerik.keriweb.hu\\\/wp-content\\\/uploads\\\/2026\\\/02\\\/legyen-egy-yeezy-ami-2-szibol-all.jpg\",\"contentUrl\":\"https:\\\/\\\/kerdoerik.keriweb.hu\\\/wp-content\\\/uploads\\\/2026\\\/02\\\/legyen-egy-yeezy-ami-2-szibol-all.jpg\",\"width\":1600,\"height\":896},{\"@type\":\"BreadcrumbList\",\"@id\":\"https:\\\/\\\/kerdoerik.keriweb.hu\\\/termek\\\/yeezy-6\\\/#breadcrumb\",\"itemListElement\":[{\"@type\":\"ListItem\",\"position\":1,\"name\":\"Kezd\u0151lap\",\"item\":\"https:\\\/\\\/kerdoerik.keriweb.hu\\\/\"},{\"@type\":\"ListItem\",\"position\":2,\"name\":\"Shop\",\"item\":\"https:\\\/\\\/kerdoerik.keriweb.hu\\\/\"},{\"@type\":\"ListItem\",\"position\":3,\"name\":\"Yeezy\"}]},{\"@type\":\"WebSite\",\"@id\":\"https:\\\/\\\/kerdoerik.keriweb.hu\\\/#website\",\"url\":\"https:\\\/\\\/kerdoerik.keriweb.hu\\\/\",\"name\":\"Sneakyard\",\"description\":\"My WordPress Blog\",\"publisher\":{\"@id\":\"https:\\\/\\\/kerdoerik.keriweb.hu\\\/#organization\"},\"potentialAction\":[{\"@type\":\"SearchAction\",\"target\":{\"@type\":\"EntryPoint\",\"urlTemplate\":\"https:\\\/\\\/kerdoerik.keriweb.hu\\\/?s={search_term_string}\"},\"query-input\":{\"@type\":\"PropertyValueSpecification\",\"valueRequired\":true,\"valueName\":\"search_term_string\"}}],\"inLanguage\":\"en-GB\"},{\"@type\":\"Organization\",\"@id\":\"https:\\\/\\\/kerdoerik.keriweb.hu\\\/#organization\",\"name\":\"Sneakyard\",\"url\":\"https:\\\/\\\/kerdoerik.keriweb.hu\\\/\",\"logo\":{\"@type\":\"ImageObject\",\"inLanguage\":\"en-GB\",\"@id\":\"https:\\\/\\\/kerdoerik.keriweb.hu\\\/#\\\/schema\\\/logo\\\/image\\\/\",\"url\":\"https:\\\/\\\/kerdoerik.keriweb.hu\\\/wp-content\\\/uploads\\\/2026\\\/01\\\/cropped-cipo-webshop-sneakyard-logo.jpg\",\"contentUrl\":\"https:\\\/\\\/kerdoerik.keriweb.hu\\\/wp-content\\\/uploads\\\/2026\\\/01\\\/cropped-cipo-webshop-sneakyard-logo.jpg\",\"width\":1599,\"height\":386,\"caption\":\"Sneakyard\"},\"image\":{\"@id\":\"https:\\\/\\\/kerdoerik.keriweb.hu\\\/#\\\/schema\\\/logo\\\/image\\\/\"}}]}<\/script>\n<!-- \/ Yoast SEO plugin. -->","yoast_head_json":{"title":"Yeezy - Sneakyard","robots":{"index":"index","follow":"follow","max-snippet":"max-snippet:-1","max-image-preview":"max-image-preview:large","max-video-preview":"max-video-preview:-1"},"canonical":"https:\/\/kerdoerik.keriweb.hu\/en\/product\/yeezy-6\/","og_locale":"en_GB","og_type":"article","og_title":"Yeezy - Sneakyard","og_description":"Az Yeezy eredetileg az amerikai rapper-designer Ye (kor\u00e1bban Kanye West) \u00e9s az adidas k\u00f6z\u00f6s sneaker-\u00e9s ruham\u00e1rk\u00e1ja volt, amelyb\u0151l 2015-ben indult az els\u0151 modell. A cip\u0151k k\u00fcl\u00f6nleges, futurisztikus diz\u00e1jnjuk \u00e9s magas komfort\u00e9rzet\u00fck miatt nagyon gyorsan n\u00e9pszer\u0171v\u00e9 v\u00e1ltak a sneaker-rajong\u00f3k k\u00f6r\u00e9ben vil\u00e1gszerte. A legt\u00f6bb ikonikus Yeezy modell Boost p\u00e1rn\u00e1z\u00e1ssal k\u00e9sz\u00fclt, ami extra k\u00e9nyelmet \u00e9s rugalmass\u00e1got ad minden [&hellip;]","og_url":"https:\/\/kerdoerik.keriweb.hu\/en\/product\/yeezy-6\/","og_site_name":"Sneakyard","og_image":[{"width":1600,"height":896,"url":"https:\/\/kerdoerik.keriweb.hu\/wp-content\/uploads\/2026\/02\/legyen-egy-yeezy-ami-2-szibol-all.jpg","type":"image\/jpeg"}],"twitter_card":"summary_large_image","twitter_misc":{"Estimated reading time":"1 minute"},"schema":{"@context":"https:\/\/schema.org","@graph":[{"@type":"WebPage","@id":"https:\/\/kerdoerik.keriweb.hu\/termek\/yeezy-6\/","url":"https:\/\/kerdoerik.keriweb.hu\/termek\/yeezy-6\/","name":"Yeezy - Sneakyard","isPartOf":{"@id":"https:\/\/kerdoerik.keriweb.hu\/#website"},"primaryImageOfPage":{"@id":"https:\/\/kerdoerik.keriweb.hu\/termek\/yeezy-6\/#primaryimage"},"image":{"@id":"https:\/\/kerdoerik.keriweb.hu\/termek\/yeezy-6\/#primaryimage"},"thumbnailUrl":"https:\/\/kerdoerik.keriweb.hu\/wp-content\/uploads\/2026\/02\/legyen-egy-yeezy-ami-2-szibol-all.jpg","datePublished":"2026-02-27T07:47:21+00:00","breadcrumb":{"@id":"https:\/\/kerdoerik.keriweb.hu\/termek\/yeezy-6\/#breadcrumb"},"inLanguage":"en-GB","potentialAction":[{"@type":"ReadAction","target":["https:\/\/kerdoerik.keriweb.hu\/termek\/yeezy-6\/"]}]},{"@type":"ImageObject","inLanguage":"en-GB","@id":"https:\/\/kerdoerik.keriweb.hu\/termek\/yeezy-6\/#primaryimage","url":"https:\/\/kerdoerik.keriweb.hu\/wp-content\/uploads\/2026\/02\/legyen-egy-yeezy-ami-2-szibol-all.jpg","contentUrl":"https:\/\/kerdoerik.keriweb.hu\/wp-content\/uploads\/2026\/02\/legyen-egy-yeezy-ami-2-szibol-all.jpg","width":1600,"height":896},{"@type":"BreadcrumbList","@id":"https:\/\/kerdoerik.keriweb.hu\/termek\/yeezy-6\/#breadcrumb","itemListElement":[{"@type":"ListItem","position":1,"name":"Kezd\u0151lap","item":"https:\/\/kerdoerik.keriweb.hu\/"},{"@type":"ListItem","position":2,"name":"Shop","item":"https:\/\/kerdoerik.keriweb.hu\/"},{"@type":"ListItem","position":3,"name":"Yeezy"}]},{"@type":"WebSite","@id":"https:\/\/kerdoerik.keriweb.hu\/#website","url":"https:\/\/kerdoerik.keriweb.hu\/","name":"Sneakyard","description":"My WordPress Blog","publisher":{"@id":"https:\/\/kerdoerik.keriweb.hu\/#organization"},"potentialAction":[{"@type":"SearchAction","target":{"@type":"EntryPoint","urlTemplate":"https:\/\/kerdoerik.keriweb.hu\/?s={search_term_string}"},"query-input":{"@type":"PropertyValueSpecification","valueRequired":true,"valueName":"search_term_string"}}],"inLanguage":"en-GB"},{"@type":"Organization","@id":"https:\/\/kerdoerik.keriweb.hu\/#organization","name":"Sneakyard","url":"https:\/\/kerdoerik.keriweb.hu\/","logo":{"@type":"ImageObject","inLanguage":"en-GB","@id":"https:\/\/kerdoerik.keriweb.hu\/#\/schema\/logo\/image\/","url":"https:\/\/kerdoerik.keriweb.hu\/wp-content\/uploads\/2026\/01\/cropped-cipo-webshop-sneakyard-logo.jpg","contentUrl":"https:\/\/kerdoerik.keriweb.hu\/wp-content\/uploads\/2026\/01\/cropped-cipo-webshop-sneakyard-logo.jpg","width":1599,"height":386,"caption":"Sneakyard"},"image":{"@id":"https:\/\/kerdoerik.keriweb.hu\/#\/schema\/logo\/image\/"}}]}},"_links":{"self":[{"href":"https:\/\/kerdoerik.keriweb.hu\/en\/wp-json\/wp\/v2\/product\/514","targetHints":{"allow":["GET"]}}],"collection":[{"href":"https:\/\/kerdoerik.keriweb.hu\/en\/wp-json\/wp\/v2\/product"}],"about":[{"href":"https:\/\/kerdoerik.keriweb.hu\/en\/wp-json\/wp\/v2\/types\/product"}],"wp:featuredmedia":[{"embeddable":true,"href":"https:\/\/kerdoerik.keriweb.hu\/en\/wp-json\/wp\/v2\/media\/486"}],"wp:attachment":[{"href":"https:\/\/kerdoerik.keriweb.hu\/en\/wp-json\/wp\/v2\/media?parent=514"}],"wp:term":[{"taxonomy":"product_brand","embeddable":true,"href":"https:\/\/kerdoerik.keriweb.hu\/en\/wp-json\/wp\/v2\/product_brand?post=514"},{"taxonomy":"product_cat","embeddable":true,"href":"https:\/\/kerdoerik.keriweb.hu\/en\/wp-json\/wp\/v2\/product_cat?post=514"},{"taxonomy":"product_tag","embeddable":true,"href":"https:\/\/kerdoerik.keriweb.hu\/en\/wp-json\/wp\/v2\/product_tag?post=514"}],"curies":[{"name":"wp","href":"https:\/\/api.w.org\/{rel}","templated":true}]}}