{"id":426,"date":"2026-02-27T09:22:07","date_gmt":"2026-02-27T07:22:07","guid":{"rendered":"https:\/\/kerdoerik.keriweb.hu\/?post_type=product&#038;p=426"},"modified":"2026-02-27T09:22:08","modified_gmt":"2026-02-27T07:22:08","slug":"adidas-campus","status":"publish","type":"product","link":"https:\/\/kerdoerik.keriweb.hu\/en\/product\/adidas-campus\/","title":{"rendered":"Adidas Campus"},"content":{"rendered":"<p>Az adidas Campus egy klasszikus, id\u0151t\u00e1ll\u00f3 utcai sneaker, amely eredetileg kos\u00e1rlabdacip\u0151k\u00e9nt indult az 1980-as \u00e9vekben, majd az utcai divat egyik ikonikus darabj\u00e1v\u00e1 v\u00e1lt. Letisztult vonalai, tart\u00f3s b\u0151rfels\u0151 \u00e9s jellegzetes gumitalp-kialak\u00edt\u00e1s teszik ide\u00e1liss\u00e1 mindennapi viseletre, legyen sz\u00f3 casual outfitekr\u0151l vagy street style-r\u00f3l.<\/p>","protected":false},"excerpt":{"rendered":"<p>Az adidas Campus egy klasszikus, id\u0151t\u00e1ll\u00f3 utcai sneaker, amely eredetileg kos\u00e1rlabdacip\u0151k\u00e9nt indult az 1980-as \u00e9vekben, majd az utcai divat egyik ikonikus darabj\u00e1v\u00e1 v\u00e1lt. Letisztult vonalai, tart\u00f3s b\u0151rfels\u0151 \u00e9s jellegzetes gumitalp-kialak\u00edt\u00e1s teszik ide\u00e1liss\u00e1 mindennapi viseletre, legyen sz\u00f3 casual outfitekr\u0151l vagy street style-r\u00f3l.<\/p>","protected":false},"featured_media":101,"template":"","meta":{"_acf_changed":false},"product_brand":[41],"product_cat":[16],"product_tag":[43,47,26],"class_list":{"0":"post-426","1":"product","2":"type-product","3":"status-publish","4":"has-post-thumbnail","6":"product_brand-adidas","7":"product_cat-cipo","8":"product_tag-adidas","9":"product_tag-campus","10":"product_tag-utcai","12":"first","13":"instock","14":"taxable","15":"shipping-taxable","16":"purchasable","17":"product-type-variable"},"acf":[],"yoast_head":"<!-- This site is optimized with the Yoast SEO plugin v27.3 - https:\/\/yoast.com\/product\/yoast-seo-wordpress\/ -->\n<title>Adidas Campus - Sneakyard<\/title>\n<meta name=\"robots\" content=\"index, follow, max-snippet:-1, max-image-preview:large, max-video-preview:-1\" \/>\n<link rel=\"canonical\" href=\"https:\/\/kerdoerik.keriweb.hu\/en\/product\/adidas-campus\/\" \/>\n<meta property=\"og:locale\" content=\"en_GB\" \/>\n<meta property=\"og:type\" content=\"article\" \/>\n<meta property=\"og:title\" content=\"Adidas Campus - Sneakyard\" \/>\n<meta property=\"og:description\" content=\"Az adidas Campus egy klasszikus, id\u0151t\u00e1ll\u00f3 utcai sneaker, amely eredetileg kos\u00e1rlabdacip\u0151k\u00e9nt indult az 1980-as \u00e9vekben, majd az utcai divat egyik ikonikus darabj\u00e1v\u00e1 v\u00e1lt. Letisztult vonalai, tart\u00f3s b\u0151rfels\u0151 \u00e9s jellegzetes gumitalp-kialak\u00edt\u00e1s teszik ide\u00e1liss\u00e1 mindennapi viseletre, legyen sz\u00f3 casual outfitekr\u0151l vagy street style-r\u00f3l.\" \/>\n<meta property=\"og:url\" content=\"https:\/\/kerdoerik.keriweb.hu\/en\/product\/adidas-campus\/\" \/>\n<meta property=\"og:site_name\" content=\"Sneakyard\" \/>\n<meta property=\"article:modified_time\" content=\"2026-02-27T07:22:08+00:00\" \/>\n<meta property=\"og:image\" content=\"https:\/\/kerdoerik.keriweb.hu\/wp-content\/uploads\/2026\/01\/Adidas-Campus.jpg\" \/>\n\t<meta property=\"og:image:width\" content=\"1600\" \/>\n\t<meta property=\"og:image:height\" content=\"896\" \/>\n\t<meta property=\"og:image:type\" content=\"image\/jpeg\" \/>\n<meta name=\"twitter:card\" content=\"summary_large_image\" \/>\n<meta name=\"twitter:label1\" content=\"Estimated reading time\" \/>\n\t<meta name=\"twitter:data1\" content=\"1 minute\" \/>\n<script type=\"application\/ld+json\" class=\"yoast-schema-graph\">{\"@context\":\"https:\\\/\\\/schema.org\",\"@graph\":[{\"@type\":\"WebPage\",\"@id\":\"https:\\\/\\\/kerdoerik.keriweb.hu\\\/termek\\\/adidas-campus\\\/\",\"url\":\"https:\\\/\\\/kerdoerik.keriweb.hu\\\/termek\\\/adidas-campus\\\/\",\"name\":\"Adidas Campus - Sneakyard\",\"isPartOf\":{\"@id\":\"https:\\\/\\\/kerdoerik.keriweb.hu\\\/#website\"},\"primaryImageOfPage\":{\"@id\":\"https:\\\/\\\/kerdoerik.keriweb.hu\\\/termek\\\/adidas-campus\\\/#primaryimage\"},\"image\":{\"@id\":\"https:\\\/\\\/kerdoerik.keriweb.hu\\\/termek\\\/adidas-campus\\\/#primaryimage\"},\"thumbnailUrl\":\"https:\\\/\\\/kerdoerik.keriweb.hu\\\/wp-content\\\/uploads\\\/2026\\\/01\\\/Adidas-Campus.jpg\",\"datePublished\":\"2026-02-27T07:22:07+00:00\",\"dateModified\":\"2026-02-27T07:22:08+00:00\",\"breadcrumb\":{\"@id\":\"https:\\\/\\\/kerdoerik.keriweb.hu\\\/termek\\\/adidas-campus\\\/#breadcrumb\"},\"inLanguage\":\"en-GB\",\"potentialAction\":[{\"@type\":\"ReadAction\",\"target\":[\"https:\\\/\\\/kerdoerik.keriweb.hu\\\/termek\\\/adidas-campus\\\/\"]}]},{\"@type\":\"ImageObject\",\"inLanguage\":\"en-GB\",\"@id\":\"https:\\\/\\\/kerdoerik.keriweb.hu\\\/termek\\\/adidas-campus\\\/#primaryimage\",\"url\":\"https:\\\/\\\/kerdoerik.keriweb.hu\\\/wp-content\\\/uploads\\\/2026\\\/01\\\/Adidas-Campus.jpg\",\"contentUrl\":\"https:\\\/\\\/kerdoerik.keriweb.hu\\\/wp-content\\\/uploads\\\/2026\\\/01\\\/Adidas-Campus.jpg\",\"width\":1600,\"height\":896},{\"@type\":\"BreadcrumbList\",\"@id\":\"https:\\\/\\\/kerdoerik.keriweb.hu\\\/termek\\\/adidas-campus\\\/#breadcrumb\",\"itemListElement\":[{\"@type\":\"ListItem\",\"position\":1,\"name\":\"Kezd\u0151lap\",\"item\":\"https:\\\/\\\/kerdoerik.keriweb.hu\\\/\"},{\"@type\":\"ListItem\",\"position\":2,\"name\":\"Shop\",\"item\":\"https:\\\/\\\/kerdoerik.keriweb.hu\\\/\"},{\"@type\":\"ListItem\",\"position\":3,\"name\":\"Adidas Campus\"}]},{\"@type\":\"WebSite\",\"@id\":\"https:\\\/\\\/kerdoerik.keriweb.hu\\\/#website\",\"url\":\"https:\\\/\\\/kerdoerik.keriweb.hu\\\/\",\"name\":\"Sneakyard\",\"description\":\"My WordPress Blog\",\"publisher\":{\"@id\":\"https:\\\/\\\/kerdoerik.keriweb.hu\\\/#organization\"},\"potentialAction\":[{\"@type\":\"SearchAction\",\"target\":{\"@type\":\"EntryPoint\",\"urlTemplate\":\"https:\\\/\\\/kerdoerik.keriweb.hu\\\/?s={search_term_string}\"},\"query-input\":{\"@type\":\"PropertyValueSpecification\",\"valueRequired\":true,\"valueName\":\"search_term_string\"}}],\"inLanguage\":\"en-GB\"},{\"@type\":\"Organization\",\"@id\":\"https:\\\/\\\/kerdoerik.keriweb.hu\\\/#organization\",\"name\":\"Sneakyard\",\"url\":\"https:\\\/\\\/kerdoerik.keriweb.hu\\\/\",\"logo\":{\"@type\":\"ImageObject\",\"inLanguage\":\"en-GB\",\"@id\":\"https:\\\/\\\/kerdoerik.keriweb.hu\\\/#\\\/schema\\\/logo\\\/image\\\/\",\"url\":\"https:\\\/\\\/kerdoerik.keriweb.hu\\\/wp-content\\\/uploads\\\/2026\\\/01\\\/cropped-cipo-webshop-sneakyard-logo.jpg\",\"contentUrl\":\"https:\\\/\\\/kerdoerik.keriweb.hu\\\/wp-content\\\/uploads\\\/2026\\\/01\\\/cropped-cipo-webshop-sneakyard-logo.jpg\",\"width\":1599,\"height\":386,\"caption\":\"Sneakyard\"},\"image\":{\"@id\":\"https:\\\/\\\/kerdoerik.keriweb.hu\\\/#\\\/schema\\\/logo\\\/image\\\/\"}}]}<\/script>\n<!-- \/ Yoast SEO plugin. -->","yoast_head_json":{"title":"Adidas Campus - Sneakyard","robots":{"index":"index","follow":"follow","max-snippet":"max-snippet:-1","max-image-preview":"max-image-preview:large","max-video-preview":"max-video-preview:-1"},"canonical":"https:\/\/kerdoerik.keriweb.hu\/en\/product\/adidas-campus\/","og_locale":"en_GB","og_type":"article","og_title":"Adidas Campus - Sneakyard","og_description":"Az adidas Campus egy klasszikus, id\u0151t\u00e1ll\u00f3 utcai sneaker, amely eredetileg kos\u00e1rlabdacip\u0151k\u00e9nt indult az 1980-as \u00e9vekben, majd az utcai divat egyik ikonikus darabj\u00e1v\u00e1 v\u00e1lt. Letisztult vonalai, tart\u00f3s b\u0151rfels\u0151 \u00e9s jellegzetes gumitalp-kialak\u00edt\u00e1s teszik ide\u00e1liss\u00e1 mindennapi viseletre, legyen sz\u00f3 casual outfitekr\u0151l vagy street style-r\u00f3l.","og_url":"https:\/\/kerdoerik.keriweb.hu\/en\/product\/adidas-campus\/","og_site_name":"Sneakyard","article_modified_time":"2026-02-27T07:22:08+00:00","og_image":[{"width":1600,"height":896,"url":"https:\/\/kerdoerik.keriweb.hu\/wp-content\/uploads\/2026\/01\/Adidas-Campus.jpg","type":"image\/jpeg"}],"twitter_card":"summary_large_image","twitter_misc":{"Estimated reading time":"1 minute"},"schema":{"@context":"https:\/\/schema.org","@graph":[{"@type":"WebPage","@id":"https:\/\/kerdoerik.keriweb.hu\/termek\/adidas-campus\/","url":"https:\/\/kerdoerik.keriweb.hu\/termek\/adidas-campus\/","name":"Adidas Campus - Sneakyard","isPartOf":{"@id":"https:\/\/kerdoerik.keriweb.hu\/#website"},"primaryImageOfPage":{"@id":"https:\/\/kerdoerik.keriweb.hu\/termek\/adidas-campus\/#primaryimage"},"image":{"@id":"https:\/\/kerdoerik.keriweb.hu\/termek\/adidas-campus\/#primaryimage"},"thumbnailUrl":"https:\/\/kerdoerik.keriweb.hu\/wp-content\/uploads\/2026\/01\/Adidas-Campus.jpg","datePublished":"2026-02-27T07:22:07+00:00","dateModified":"2026-02-27T07:22:08+00:00","breadcrumb":{"@id":"https:\/\/kerdoerik.keriweb.hu\/termek\/adidas-campus\/#breadcrumb"},"inLanguage":"en-GB","potentialAction":[{"@type":"ReadAction","target":["https:\/\/kerdoerik.keriweb.hu\/termek\/adidas-campus\/"]}]},{"@type":"ImageObject","inLanguage":"en-GB","@id":"https:\/\/kerdoerik.keriweb.hu\/termek\/adidas-campus\/#primaryimage","url":"https:\/\/kerdoerik.keriweb.hu\/wp-content\/uploads\/2026\/01\/Adidas-Campus.jpg","contentUrl":"https:\/\/kerdoerik.keriweb.hu\/wp-content\/uploads\/2026\/01\/Adidas-Campus.jpg","width":1600,"height":896},{"@type":"BreadcrumbList","@id":"https:\/\/kerdoerik.keriweb.hu\/termek\/adidas-campus\/#breadcrumb","itemListElement":[{"@type":"ListItem","position":1,"name":"Kezd\u0151lap","item":"https:\/\/kerdoerik.keriweb.hu\/"},{"@type":"ListItem","position":2,"name":"Shop","item":"https:\/\/kerdoerik.keriweb.hu\/"},{"@type":"ListItem","position":3,"name":"Adidas Campus"}]},{"@type":"WebSite","@id":"https:\/\/kerdoerik.keriweb.hu\/#website","url":"https:\/\/kerdoerik.keriweb.hu\/","name":"Sneakyard","description":"My WordPress Blog","publisher":{"@id":"https:\/\/kerdoerik.keriweb.hu\/#organization"},"potentialAction":[{"@type":"SearchAction","target":{"@type":"EntryPoint","urlTemplate":"https:\/\/kerdoerik.keriweb.hu\/?s={search_term_string}"},"query-input":{"@type":"PropertyValueSpecification","valueRequired":true,"valueName":"search_term_string"}}],"inLanguage":"en-GB"},{"@type":"Organization","@id":"https:\/\/kerdoerik.keriweb.hu\/#organization","name":"Sneakyard","url":"https:\/\/kerdoerik.keriweb.hu\/","logo":{"@type":"ImageObject","inLanguage":"en-GB","@id":"https:\/\/kerdoerik.keriweb.hu\/#\/schema\/logo\/image\/","url":"https:\/\/kerdoerik.keriweb.hu\/wp-content\/uploads\/2026\/01\/cropped-cipo-webshop-sneakyard-logo.jpg","contentUrl":"https:\/\/kerdoerik.keriweb.hu\/wp-content\/uploads\/2026\/01\/cropped-cipo-webshop-sneakyard-logo.jpg","width":1599,"height":386,"caption":"Sneakyard"},"image":{"@id":"https:\/\/kerdoerik.keriweb.hu\/#\/schema\/logo\/image\/"}}]}},"_links":{"self":[{"href":"https:\/\/kerdoerik.keriweb.hu\/en\/wp-json\/wp\/v2\/product\/426","targetHints":{"allow":["GET"]}}],"collection":[{"href":"https:\/\/kerdoerik.keriweb.hu\/en\/wp-json\/wp\/v2\/product"}],"about":[{"href":"https:\/\/kerdoerik.keriweb.hu\/en\/wp-json\/wp\/v2\/types\/product"}],"wp:featuredmedia":[{"embeddable":true,"href":"https:\/\/kerdoerik.keriweb.hu\/en\/wp-json\/wp\/v2\/media\/101"}],"wp:attachment":[{"href":"https:\/\/kerdoerik.keriweb.hu\/en\/wp-json\/wp\/v2\/media?parent=426"}],"wp:term":[{"taxonomy":"product_brand","embeddable":true,"href":"https:\/\/kerdoerik.keriweb.hu\/en\/wp-json\/wp\/v2\/product_brand?post=426"},{"taxonomy":"product_cat","embeddable":true,"href":"https:\/\/kerdoerik.keriweb.hu\/en\/wp-json\/wp\/v2\/product_cat?post=426"},{"taxonomy":"product_tag","embeddable":true,"href":"https:\/\/kerdoerik.keriweb.hu\/en\/wp-json\/wp\/v2\/product_tag?post=426"}],"curies":[{"name":"wp","href":"https:\/\/api.w.org\/{rel}","templated":true}]}}