{"id":354,"date":"2026-02-27T09:00:01","date_gmt":"2026-02-27T07:00:01","guid":{"rendered":"https:\/\/kerdoerik.keriweb.hu\/?post_type=product&#038;p=354"},"modified":"2026-02-27T09:00:04","modified_gmt":"2026-02-27T07:00:04","slug":"nike-air-max","status":"publish","type":"product","link":"https:\/\/kerdoerik.keriweb.hu\/en\/product\/nike-air-max\/","title":{"rendered":"Nike Air Max"},"content":{"rendered":"<p data-start=\"59\" data-end=\"288\">A Nike Air Max a sportos st\u00edlus \u00e9s a kiemelked\u0151 k\u00e9nyelem ikonikus tal\u00e1lkoz\u00e1sa. A talpba \u00e9p\u00edtett, l\u00e1that\u00f3 Air p\u00e1rn\u00e1z\u00e1s nemcsak egyedi megjelen\u00e9st biztos\u00edt, hanem eg\u00e9sz napos k\u00e9nyelmet \u00e9s kiv\u00e1l\u00f3 \u00fct\u00e9scsillap\u00edt\u00e1st is ny\u00fajt.<\/p>\n<p data-start=\"290\" data-end=\"538\">Modern, m\u00e9gis id\u0151t\u00e1ll\u00f3 diz\u00e1jnja miatt t\u00f6k\u00e9letes v\u00e1laszt\u00e1s mindennapi viselethez \u00e9s akt\u00edv \u00e9letm\u00f3dhoz egyar\u00e1nt. A l\u00e9g\u00e1tereszt\u0151 fels\u0151r\u00e9sz, a tart\u00f3s gumitalp \u00e9s a dinamikus sz\u00ednkombin\u00e1ci\u00f3k garant\u00e1lj\u00e1k, hogy minden l\u00e9p\u00e9s st\u00edlusos \u00e9s magabiztos legyen.<\/p>\n<p data-start=\"540\" data-end=\"607\" data-is-last-node=\"\" data-is-only-node=\"\">Nike Air Max \u2013 ahol a k\u00e9nyelem tal\u00e1lkozik az utcai divattal. \ud83d\udc5f<\/p>","protected":false},"excerpt":{"rendered":"<p>A Nike Air Max a sportos st\u00edlus \u00e9s a kiemelked\u0151 k\u00e9nyelem ikonikus tal\u00e1lkoz\u00e1sa. A talpba \u00e9p\u00edtett, l\u00e1that\u00f3 Air p\u00e1rn\u00e1z\u00e1s nemcsak egyedi megjelen\u00e9st biztos\u00edt, hanem eg\u00e9sz napos k\u00e9nyelmet \u00e9s kiv\u00e1l\u00f3 \u00fct\u00e9scsillap\u00edt\u00e1st is ny\u00fajt. Modern, m\u00e9gis id\u0151t\u00e1ll\u00f3 diz\u00e1jnja miatt t\u00f6k\u00e9letes v\u00e1laszt\u00e1s mindennapi viselethez \u00e9s akt\u00edv \u00e9letm\u00f3dhoz egyar\u00e1nt. A l\u00e9g\u00e1tereszt\u0151 fels\u0151r\u00e9sz, a tart\u00f3s gumitalp \u00e9s a dinamikus sz\u00ednkombin\u00e1ci\u00f3k [&hellip;]<\/p>\n","protected":false},"featured_media":96,"template":"","meta":{"_acf_changed":false},"product_brand":[17],"product_cat":[16],"product_tag":[38,40,39],"class_list":{"0":"post-354","1":"product","2":"type-product","3":"status-publish","4":"has-post-thumbnail","6":"product_brand-nike","7":"product_cat-cipo","8":"product_tag-air-max","9":"product_tag-alacsony","10":"product_tag-meno","12":"first","13":"instock","14":"taxable","15":"shipping-taxable","16":"purchasable","17":"product-type-variable"},"acf":[],"yoast_head":"<!-- This site is optimized with the Yoast SEO plugin v27.3 - https:\/\/yoast.com\/product\/yoast-seo-wordpress\/ -->\n<title>Nike Air Max - Sneakyard<\/title>\n<meta name=\"robots\" content=\"index, follow, max-snippet:-1, max-image-preview:large, max-video-preview:-1\" \/>\n<link rel=\"canonical\" href=\"https:\/\/kerdoerik.keriweb.hu\/en\/product\/nike-air-max\/\" \/>\n<meta property=\"og:locale\" content=\"en_GB\" \/>\n<meta property=\"og:type\" content=\"article\" \/>\n<meta property=\"og:title\" content=\"Nike Air Max - Sneakyard\" \/>\n<meta property=\"og:description\" content=\"A Nike Air Max a sportos st\u00edlus \u00e9s a kiemelked\u0151 k\u00e9nyelem ikonikus tal\u00e1lkoz\u00e1sa. A talpba \u00e9p\u00edtett, l\u00e1that\u00f3 Air p\u00e1rn\u00e1z\u00e1s nemcsak egyedi megjelen\u00e9st biztos\u00edt, hanem eg\u00e9sz napos k\u00e9nyelmet \u00e9s kiv\u00e1l\u00f3 \u00fct\u00e9scsillap\u00edt\u00e1st is ny\u00fajt. Modern, m\u00e9gis id\u0151t\u00e1ll\u00f3 diz\u00e1jnja miatt t\u00f6k\u00e9letes v\u00e1laszt\u00e1s mindennapi viselethez \u00e9s akt\u00edv \u00e9letm\u00f3dhoz egyar\u00e1nt. A l\u00e9g\u00e1tereszt\u0151 fels\u0151r\u00e9sz, a tart\u00f3s gumitalp \u00e9s a dinamikus sz\u00ednkombin\u00e1ci\u00f3k [&hellip;]\" \/>\n<meta property=\"og:url\" content=\"https:\/\/kerdoerik.keriweb.hu\/en\/product\/nike-air-max\/\" \/>\n<meta property=\"og:site_name\" content=\"Sneakyard\" \/>\n<meta property=\"article:modified_time\" content=\"2026-02-27T07:00:04+00:00\" \/>\n<meta property=\"og:image\" content=\"https:\/\/kerdoerik.keriweb.hu\/wp-content\/uploads\/2026\/01\/nike-TN-cipo.jpg\" \/>\n\t<meta property=\"og:image:width\" content=\"1600\" \/>\n\t<meta property=\"og:image:height\" content=\"896\" \/>\n\t<meta property=\"og:image:type\" content=\"image\/jpeg\" \/>\n<meta name=\"twitter:card\" content=\"summary_large_image\" \/>\n<meta name=\"twitter:label1\" content=\"Estimated reading time\" \/>\n\t<meta name=\"twitter:data1\" content=\"1 minute\" \/>\n<script type=\"application\/ld+json\" class=\"yoast-schema-graph\">{\"@context\":\"https:\\\/\\\/schema.org\",\"@graph\":[{\"@type\":\"WebPage\",\"@id\":\"https:\\\/\\\/kerdoerik.keriweb.hu\\\/termek\\\/nike-air-max\\\/\",\"url\":\"https:\\\/\\\/kerdoerik.keriweb.hu\\\/termek\\\/nike-air-max\\\/\",\"name\":\"Nike Air Max - Sneakyard\",\"isPartOf\":{\"@id\":\"https:\\\/\\\/kerdoerik.keriweb.hu\\\/#website\"},\"primaryImageOfPage\":{\"@id\":\"https:\\\/\\\/kerdoerik.keriweb.hu\\\/termek\\\/nike-air-max\\\/#primaryimage\"},\"image\":{\"@id\":\"https:\\\/\\\/kerdoerik.keriweb.hu\\\/termek\\\/nike-air-max\\\/#primaryimage\"},\"thumbnailUrl\":\"https:\\\/\\\/kerdoerik.keriweb.hu\\\/wp-content\\\/uploads\\\/2026\\\/01\\\/nike-TN-cipo.jpg\",\"datePublished\":\"2026-02-27T07:00:01+00:00\",\"dateModified\":\"2026-02-27T07:00:04+00:00\",\"breadcrumb\":{\"@id\":\"https:\\\/\\\/kerdoerik.keriweb.hu\\\/termek\\\/nike-air-max\\\/#breadcrumb\"},\"inLanguage\":\"en-GB\",\"potentialAction\":[{\"@type\":\"ReadAction\",\"target\":[\"https:\\\/\\\/kerdoerik.keriweb.hu\\\/termek\\\/nike-air-max\\\/\"]}]},{\"@type\":\"ImageObject\",\"inLanguage\":\"en-GB\",\"@id\":\"https:\\\/\\\/kerdoerik.keriweb.hu\\\/termek\\\/nike-air-max\\\/#primaryimage\",\"url\":\"https:\\\/\\\/kerdoerik.keriweb.hu\\\/wp-content\\\/uploads\\\/2026\\\/01\\\/nike-TN-cipo.jpg\",\"contentUrl\":\"https:\\\/\\\/kerdoerik.keriweb.hu\\\/wp-content\\\/uploads\\\/2026\\\/01\\\/nike-TN-cipo.jpg\",\"width\":1600,\"height\":896},{\"@type\":\"BreadcrumbList\",\"@id\":\"https:\\\/\\\/kerdoerik.keriweb.hu\\\/termek\\\/nike-air-max\\\/#breadcrumb\",\"itemListElement\":[{\"@type\":\"ListItem\",\"position\":1,\"name\":\"Kezd\u0151lap\",\"item\":\"https:\\\/\\\/kerdoerik.keriweb.hu\\\/\"},{\"@type\":\"ListItem\",\"position\":2,\"name\":\"Shop\",\"item\":\"https:\\\/\\\/kerdoerik.keriweb.hu\\\/\"},{\"@type\":\"ListItem\",\"position\":3,\"name\":\"Nike Air Max\"}]},{\"@type\":\"WebSite\",\"@id\":\"https:\\\/\\\/kerdoerik.keriweb.hu\\\/#website\",\"url\":\"https:\\\/\\\/kerdoerik.keriweb.hu\\\/\",\"name\":\"Sneakyard\",\"description\":\"My WordPress Blog\",\"publisher\":{\"@id\":\"https:\\\/\\\/kerdoerik.keriweb.hu\\\/#organization\"},\"potentialAction\":[{\"@type\":\"SearchAction\",\"target\":{\"@type\":\"EntryPoint\",\"urlTemplate\":\"https:\\\/\\\/kerdoerik.keriweb.hu\\\/?s={search_term_string}\"},\"query-input\":{\"@type\":\"PropertyValueSpecification\",\"valueRequired\":true,\"valueName\":\"search_term_string\"}}],\"inLanguage\":\"en-GB\"},{\"@type\":\"Organization\",\"@id\":\"https:\\\/\\\/kerdoerik.keriweb.hu\\\/#organization\",\"name\":\"Sneakyard\",\"url\":\"https:\\\/\\\/kerdoerik.keriweb.hu\\\/\",\"logo\":{\"@type\":\"ImageObject\",\"inLanguage\":\"en-GB\",\"@id\":\"https:\\\/\\\/kerdoerik.keriweb.hu\\\/#\\\/schema\\\/logo\\\/image\\\/\",\"url\":\"https:\\\/\\\/kerdoerik.keriweb.hu\\\/wp-content\\\/uploads\\\/2026\\\/01\\\/cropped-cipo-webshop-sneakyard-logo.jpg\",\"contentUrl\":\"https:\\\/\\\/kerdoerik.keriweb.hu\\\/wp-content\\\/uploads\\\/2026\\\/01\\\/cropped-cipo-webshop-sneakyard-logo.jpg\",\"width\":1599,\"height\":386,\"caption\":\"Sneakyard\"},\"image\":{\"@id\":\"https:\\\/\\\/kerdoerik.keriweb.hu\\\/#\\\/schema\\\/logo\\\/image\\\/\"}}]}<\/script>\n<!-- \/ Yoast SEO plugin. -->","yoast_head_json":{"title":"Nike Air Max - Sneakyard","robots":{"index":"index","follow":"follow","max-snippet":"max-snippet:-1","max-image-preview":"max-image-preview:large","max-video-preview":"max-video-preview:-1"},"canonical":"https:\/\/kerdoerik.keriweb.hu\/en\/product\/nike-air-max\/","og_locale":"en_GB","og_type":"article","og_title":"Nike Air Max - Sneakyard","og_description":"A Nike Air Max a sportos st\u00edlus \u00e9s a kiemelked\u0151 k\u00e9nyelem ikonikus tal\u00e1lkoz\u00e1sa. A talpba \u00e9p\u00edtett, l\u00e1that\u00f3 Air p\u00e1rn\u00e1z\u00e1s nemcsak egyedi megjelen\u00e9st biztos\u00edt, hanem eg\u00e9sz napos k\u00e9nyelmet \u00e9s kiv\u00e1l\u00f3 \u00fct\u00e9scsillap\u00edt\u00e1st is ny\u00fajt. Modern, m\u00e9gis id\u0151t\u00e1ll\u00f3 diz\u00e1jnja miatt t\u00f6k\u00e9letes v\u00e1laszt\u00e1s mindennapi viselethez \u00e9s akt\u00edv \u00e9letm\u00f3dhoz egyar\u00e1nt. A l\u00e9g\u00e1tereszt\u0151 fels\u0151r\u00e9sz, a tart\u00f3s gumitalp \u00e9s a dinamikus sz\u00ednkombin\u00e1ci\u00f3k [&hellip;]","og_url":"https:\/\/kerdoerik.keriweb.hu\/en\/product\/nike-air-max\/","og_site_name":"Sneakyard","article_modified_time":"2026-02-27T07:00:04+00:00","og_image":[{"width":1600,"height":896,"url":"https:\/\/kerdoerik.keriweb.hu\/wp-content\/uploads\/2026\/01\/nike-TN-cipo.jpg","type":"image\/jpeg"}],"twitter_card":"summary_large_image","twitter_misc":{"Estimated reading time":"1 minute"},"schema":{"@context":"https:\/\/schema.org","@graph":[{"@type":"WebPage","@id":"https:\/\/kerdoerik.keriweb.hu\/termek\/nike-air-max\/","url":"https:\/\/kerdoerik.keriweb.hu\/termek\/nike-air-max\/","name":"Nike Air Max - Sneakyard","isPartOf":{"@id":"https:\/\/kerdoerik.keriweb.hu\/#website"},"primaryImageOfPage":{"@id":"https:\/\/kerdoerik.keriweb.hu\/termek\/nike-air-max\/#primaryimage"},"image":{"@id":"https:\/\/kerdoerik.keriweb.hu\/termek\/nike-air-max\/#primaryimage"},"thumbnailUrl":"https:\/\/kerdoerik.keriweb.hu\/wp-content\/uploads\/2026\/01\/nike-TN-cipo.jpg","datePublished":"2026-02-27T07:00:01+00:00","dateModified":"2026-02-27T07:00:04+00:00","breadcrumb":{"@id":"https:\/\/kerdoerik.keriweb.hu\/termek\/nike-air-max\/#breadcrumb"},"inLanguage":"en-GB","potentialAction":[{"@type":"ReadAction","target":["https:\/\/kerdoerik.keriweb.hu\/termek\/nike-air-max\/"]}]},{"@type":"ImageObject","inLanguage":"en-GB","@id":"https:\/\/kerdoerik.keriweb.hu\/termek\/nike-air-max\/#primaryimage","url":"https:\/\/kerdoerik.keriweb.hu\/wp-content\/uploads\/2026\/01\/nike-TN-cipo.jpg","contentUrl":"https:\/\/kerdoerik.keriweb.hu\/wp-content\/uploads\/2026\/01\/nike-TN-cipo.jpg","width":1600,"height":896},{"@type":"BreadcrumbList","@id":"https:\/\/kerdoerik.keriweb.hu\/termek\/nike-air-max\/#breadcrumb","itemListElement":[{"@type":"ListItem","position":1,"name":"Kezd\u0151lap","item":"https:\/\/kerdoerik.keriweb.hu\/"},{"@type":"ListItem","position":2,"name":"Shop","item":"https:\/\/kerdoerik.keriweb.hu\/"},{"@type":"ListItem","position":3,"name":"Nike Air Max"}]},{"@type":"WebSite","@id":"https:\/\/kerdoerik.keriweb.hu\/#website","url":"https:\/\/kerdoerik.keriweb.hu\/","name":"Sneakyard","description":"My WordPress Blog","publisher":{"@id":"https:\/\/kerdoerik.keriweb.hu\/#organization"},"potentialAction":[{"@type":"SearchAction","target":{"@type":"EntryPoint","urlTemplate":"https:\/\/kerdoerik.keriweb.hu\/?s={search_term_string}"},"query-input":{"@type":"PropertyValueSpecification","valueRequired":true,"valueName":"search_term_string"}}],"inLanguage":"en-GB"},{"@type":"Organization","@id":"https:\/\/kerdoerik.keriweb.hu\/#organization","name":"Sneakyard","url":"https:\/\/kerdoerik.keriweb.hu\/","logo":{"@type":"ImageObject","inLanguage":"en-GB","@id":"https:\/\/kerdoerik.keriweb.hu\/#\/schema\/logo\/image\/","url":"https:\/\/kerdoerik.keriweb.hu\/wp-content\/uploads\/2026\/01\/cropped-cipo-webshop-sneakyard-logo.jpg","contentUrl":"https:\/\/kerdoerik.keriweb.hu\/wp-content\/uploads\/2026\/01\/cropped-cipo-webshop-sneakyard-logo.jpg","width":1599,"height":386,"caption":"Sneakyard"},"image":{"@id":"https:\/\/kerdoerik.keriweb.hu\/#\/schema\/logo\/image\/"}}]}},"_links":{"self":[{"href":"https:\/\/kerdoerik.keriweb.hu\/en\/wp-json\/wp\/v2\/product\/354","targetHints":{"allow":["GET"]}}],"collection":[{"href":"https:\/\/kerdoerik.keriweb.hu\/en\/wp-json\/wp\/v2\/product"}],"about":[{"href":"https:\/\/kerdoerik.keriweb.hu\/en\/wp-json\/wp\/v2\/types\/product"}],"wp:featuredmedia":[{"embeddable":true,"href":"https:\/\/kerdoerik.keriweb.hu\/en\/wp-json\/wp\/v2\/media\/96"}],"wp:attachment":[{"href":"https:\/\/kerdoerik.keriweb.hu\/en\/wp-json\/wp\/v2\/media?parent=354"}],"wp:term":[{"taxonomy":"product_brand","embeddable":true,"href":"https:\/\/kerdoerik.keriweb.hu\/en\/wp-json\/wp\/v2\/product_brand?post=354"},{"taxonomy":"product_cat","embeddable":true,"href":"https:\/\/kerdoerik.keriweb.hu\/en\/wp-json\/wp\/v2\/product_cat?post=354"},{"taxonomy":"product_tag","embeddable":true,"href":"https:\/\/kerdoerik.keriweb.hu\/en\/wp-json\/wp\/v2\/product_tag?post=354"}],"curies":[{"name":"wp","href":"https:\/\/api.w.org\/{rel}","templated":true}]}}