{"id":214,"date":"2026-01-23T09:53:26","date_gmt":"2026-01-23T07:53:26","guid":{"rendered":"https:\/\/kerdoerik.keriweb.hu\/?post_type=product&#038;p=214"},"modified":"2026-01-23T09:53:26","modified_gmt":"2026-01-23T07:53:26","slug":"jordan","status":"publish","type":"product","link":"https:\/\/kerdoerik.keriweb.hu\/en\/product\/jordan\/","title":{"rendered":"Jordan"},"content":{"rendered":"<p>A Jordan cip\u0151k az ikonikus diz\u00e1jnt \u00e9s a cs\u00facsteljes\u00edtm\u00e9nyt \u00f6tv\u00f6zik. Kiv\u00e1l\u00f3 min\u0151s\u00e9g\u0171 anyagokb\u00f3l k\u00e9sz\u00fclnek, k\u00e9nyelmesek, tart\u00f3sak \u00e9s maxim\u00e1lis tart\u00e1st biztos\u00edtanak sportol\u00e1s k\u00f6zben \u00e9s a h\u00e9tk\u00f6znapokban is. Egyedi st\u00edlusuk \u00e9s legend\u00e1s \u00f6r\u00f6ks\u00e9g\u00fck miatt t\u00f6k\u00e9letes v\u00e1laszt\u00e1s mind a kos\u00e1rlabda rajong\u00f3inak, mind a streetwear kedvel\u0151inek. \ud83d\udc5f<\/p>","protected":false},"excerpt":{"rendered":"<p>A Jordan cip\u0151k az ikonikus diz\u00e1jnt \u00e9s a cs\u00facsteljes\u00edtm\u00e9nyt \u00f6tv\u00f6zik. Kiv\u00e1l\u00f3 min\u0151s\u00e9g\u0171 anyagokb\u00f3l k\u00e9sz\u00fclnek, k\u00e9nyelmesek, tart\u00f3sak \u00e9s maxim\u00e1lis tart\u00e1st biztos\u00edtanak sportol\u00e1s k\u00f6zben \u00e9s a h\u00e9tk\u00f6znapokban is. Egyedi st\u00edlusuk \u00e9s legend\u00e1s \u00f6r\u00f6ks\u00e9g\u00fck miatt t\u00f6k\u00e9letes v\u00e1laszt\u00e1s mind a kos\u00e1rlabda rajong\u00f3inak, mind a streetwear kedvel\u0151inek. \ud83d\udc5f<\/p>","protected":false},"featured_media":90,"template":"","meta":{"_acf_changed":false},"product_brand":[29],"product_cat":[16],"product_tag":[30,26],"class_list":{"0":"post-214","1":"product","2":"type-product","3":"status-publish","4":"has-post-thumbnail","6":"product_brand-jordan","7":"product_cat-cipo","8":"product_tag-jordan","9":"product_tag-utcai","11":"first","12":"instock","13":"taxable","14":"shipping-taxable","15":"purchasable","16":"product-type-variable"},"acf":[],"yoast_head":"<!-- This site is optimized with the Yoast SEO plugin v27.3 - https:\/\/yoast.com\/product\/yoast-seo-wordpress\/ -->\n<title>Jordan - Sneakyard<\/title>\n<meta name=\"robots\" content=\"index, follow, max-snippet:-1, max-image-preview:large, max-video-preview:-1\" \/>\n<link rel=\"canonical\" href=\"https:\/\/kerdoerik.keriweb.hu\/en\/product\/jordan\/\" \/>\n<meta property=\"og:locale\" content=\"en_GB\" \/>\n<meta property=\"og:type\" content=\"article\" \/>\n<meta property=\"og:title\" content=\"Jordan - Sneakyard\" \/>\n<meta property=\"og:description\" content=\"A Jordan cip\u0151k az ikonikus diz\u00e1jnt \u00e9s a cs\u00facsteljes\u00edtm\u00e9nyt \u00f6tv\u00f6zik. Kiv\u00e1l\u00f3 min\u0151s\u00e9g\u0171 anyagokb\u00f3l k\u00e9sz\u00fclnek, k\u00e9nyelmesek, tart\u00f3sak \u00e9s maxim\u00e1lis tart\u00e1st biztos\u00edtanak sportol\u00e1s k\u00f6zben \u00e9s a h\u00e9tk\u00f6znapokban is. Egyedi st\u00edlusuk \u00e9s legend\u00e1s \u00f6r\u00f6ks\u00e9g\u00fck miatt t\u00f6k\u00e9letes v\u00e1laszt\u00e1s mind a kos\u00e1rlabda rajong\u00f3inak, mind a streetwear kedvel\u0151inek. \ud83d\udc5f\" \/>\n<meta property=\"og:url\" content=\"https:\/\/kerdoerik.keriweb.hu\/en\/product\/jordan\/\" \/>\n<meta property=\"og:site_name\" content=\"Sneakyard\" \/>\n<meta property=\"og:image\" content=\"https:\/\/kerdoerik.keriweb.hu\/wp-content\/uploads\/2026\/01\/nike-trevis-jorden.jpg\" \/>\n\t<meta property=\"og:image:width\" content=\"1600\" \/>\n\t<meta property=\"og:image:height\" content=\"896\" \/>\n\t<meta property=\"og:image:type\" content=\"image\/jpeg\" \/>\n<meta name=\"twitter:card\" content=\"summary_large_image\" \/>\n<meta name=\"twitter:label1\" content=\"Estimated reading time\" \/>\n\t<meta name=\"twitter:data1\" content=\"1 minute\" \/>\n<script type=\"application\/ld+json\" class=\"yoast-schema-graph\">{\"@context\":\"https:\\\/\\\/schema.org\",\"@graph\":[{\"@type\":\"WebPage\",\"@id\":\"https:\\\/\\\/kerdoerik.keriweb.hu\\\/termek\\\/jordan\\\/\",\"url\":\"https:\\\/\\\/kerdoerik.keriweb.hu\\\/termek\\\/jordan\\\/\",\"name\":\"Jordan - Sneakyard\",\"isPartOf\":{\"@id\":\"https:\\\/\\\/kerdoerik.keriweb.hu\\\/#website\"},\"primaryImageOfPage\":{\"@id\":\"https:\\\/\\\/kerdoerik.keriweb.hu\\\/termek\\\/jordan\\\/#primaryimage\"},\"image\":{\"@id\":\"https:\\\/\\\/kerdoerik.keriweb.hu\\\/termek\\\/jordan\\\/#primaryimage\"},\"thumbnailUrl\":\"https:\\\/\\\/kerdoerik.keriweb.hu\\\/wp-content\\\/uploads\\\/2026\\\/01\\\/nike-trevis-jorden.jpg\",\"datePublished\":\"2026-01-23T07:53:26+00:00\",\"breadcrumb\":{\"@id\":\"https:\\\/\\\/kerdoerik.keriweb.hu\\\/termek\\\/jordan\\\/#breadcrumb\"},\"inLanguage\":\"en-GB\",\"potentialAction\":[{\"@type\":\"ReadAction\",\"target\":[\"https:\\\/\\\/kerdoerik.keriweb.hu\\\/termek\\\/jordan\\\/\"]}]},{\"@type\":\"ImageObject\",\"inLanguage\":\"en-GB\",\"@id\":\"https:\\\/\\\/kerdoerik.keriweb.hu\\\/termek\\\/jordan\\\/#primaryimage\",\"url\":\"https:\\\/\\\/kerdoerik.keriweb.hu\\\/wp-content\\\/uploads\\\/2026\\\/01\\\/nike-trevis-jorden.jpg\",\"contentUrl\":\"https:\\\/\\\/kerdoerik.keriweb.hu\\\/wp-content\\\/uploads\\\/2026\\\/01\\\/nike-trevis-jorden.jpg\",\"width\":1600,\"height\":896},{\"@type\":\"BreadcrumbList\",\"@id\":\"https:\\\/\\\/kerdoerik.keriweb.hu\\\/termek\\\/jordan\\\/#breadcrumb\",\"itemListElement\":[{\"@type\":\"ListItem\",\"position\":1,\"name\":\"Kezd\u0151lap\",\"item\":\"https:\\\/\\\/kerdoerik.keriweb.hu\\\/\"},{\"@type\":\"ListItem\",\"position\":2,\"name\":\"Shop\",\"item\":\"https:\\\/\\\/kerdoerik.keriweb.hu\\\/\"},{\"@type\":\"ListItem\",\"position\":3,\"name\":\"Jordan\"}]},{\"@type\":\"WebSite\",\"@id\":\"https:\\\/\\\/kerdoerik.keriweb.hu\\\/#website\",\"url\":\"https:\\\/\\\/kerdoerik.keriweb.hu\\\/\",\"name\":\"Sneakyard\",\"description\":\"My WordPress Blog\",\"publisher\":{\"@id\":\"https:\\\/\\\/kerdoerik.keriweb.hu\\\/#organization\"},\"potentialAction\":[{\"@type\":\"SearchAction\",\"target\":{\"@type\":\"EntryPoint\",\"urlTemplate\":\"https:\\\/\\\/kerdoerik.keriweb.hu\\\/?s={search_term_string}\"},\"query-input\":{\"@type\":\"PropertyValueSpecification\",\"valueRequired\":true,\"valueName\":\"search_term_string\"}}],\"inLanguage\":\"en-GB\"},{\"@type\":\"Organization\",\"@id\":\"https:\\\/\\\/kerdoerik.keriweb.hu\\\/#organization\",\"name\":\"Sneakyard\",\"url\":\"https:\\\/\\\/kerdoerik.keriweb.hu\\\/\",\"logo\":{\"@type\":\"ImageObject\",\"inLanguage\":\"en-GB\",\"@id\":\"https:\\\/\\\/kerdoerik.keriweb.hu\\\/#\\\/schema\\\/logo\\\/image\\\/\",\"url\":\"https:\\\/\\\/kerdoerik.keriweb.hu\\\/wp-content\\\/uploads\\\/2026\\\/01\\\/cropped-cipo-webshop-sneakyard-logo.jpg\",\"contentUrl\":\"https:\\\/\\\/kerdoerik.keriweb.hu\\\/wp-content\\\/uploads\\\/2026\\\/01\\\/cropped-cipo-webshop-sneakyard-logo.jpg\",\"width\":1599,\"height\":386,\"caption\":\"Sneakyard\"},\"image\":{\"@id\":\"https:\\\/\\\/kerdoerik.keriweb.hu\\\/#\\\/schema\\\/logo\\\/image\\\/\"}}]}<\/script>\n<!-- \/ Yoast SEO plugin. -->","yoast_head_json":{"title":"Jordan - Sneakyard","robots":{"index":"index","follow":"follow","max-snippet":"max-snippet:-1","max-image-preview":"max-image-preview:large","max-video-preview":"max-video-preview:-1"},"canonical":"https:\/\/kerdoerik.keriweb.hu\/en\/product\/jordan\/","og_locale":"en_GB","og_type":"article","og_title":"Jordan - Sneakyard","og_description":"A Jordan cip\u0151k az ikonikus diz\u00e1jnt \u00e9s a cs\u00facsteljes\u00edtm\u00e9nyt \u00f6tv\u00f6zik. Kiv\u00e1l\u00f3 min\u0151s\u00e9g\u0171 anyagokb\u00f3l k\u00e9sz\u00fclnek, k\u00e9nyelmesek, tart\u00f3sak \u00e9s maxim\u00e1lis tart\u00e1st biztos\u00edtanak sportol\u00e1s k\u00f6zben \u00e9s a h\u00e9tk\u00f6znapokban is. Egyedi st\u00edlusuk \u00e9s legend\u00e1s \u00f6r\u00f6ks\u00e9g\u00fck miatt t\u00f6k\u00e9letes v\u00e1laszt\u00e1s mind a kos\u00e1rlabda rajong\u00f3inak, mind a streetwear kedvel\u0151inek. \ud83d\udc5f","og_url":"https:\/\/kerdoerik.keriweb.hu\/en\/product\/jordan\/","og_site_name":"Sneakyard","og_image":[{"width":1600,"height":896,"url":"https:\/\/kerdoerik.keriweb.hu\/wp-content\/uploads\/2026\/01\/nike-trevis-jorden.jpg","type":"image\/jpeg"}],"twitter_card":"summary_large_image","twitter_misc":{"Estimated reading time":"1 minute"},"schema":{"@context":"https:\/\/schema.org","@graph":[{"@type":"WebPage","@id":"https:\/\/kerdoerik.keriweb.hu\/termek\/jordan\/","url":"https:\/\/kerdoerik.keriweb.hu\/termek\/jordan\/","name":"Jordan - Sneakyard","isPartOf":{"@id":"https:\/\/kerdoerik.keriweb.hu\/#website"},"primaryImageOfPage":{"@id":"https:\/\/kerdoerik.keriweb.hu\/termek\/jordan\/#primaryimage"},"image":{"@id":"https:\/\/kerdoerik.keriweb.hu\/termek\/jordan\/#primaryimage"},"thumbnailUrl":"https:\/\/kerdoerik.keriweb.hu\/wp-content\/uploads\/2026\/01\/nike-trevis-jorden.jpg","datePublished":"2026-01-23T07:53:26+00:00","breadcrumb":{"@id":"https:\/\/kerdoerik.keriweb.hu\/termek\/jordan\/#breadcrumb"},"inLanguage":"en-GB","potentialAction":[{"@type":"ReadAction","target":["https:\/\/kerdoerik.keriweb.hu\/termek\/jordan\/"]}]},{"@type":"ImageObject","inLanguage":"en-GB","@id":"https:\/\/kerdoerik.keriweb.hu\/termek\/jordan\/#primaryimage","url":"https:\/\/kerdoerik.keriweb.hu\/wp-content\/uploads\/2026\/01\/nike-trevis-jorden.jpg","contentUrl":"https:\/\/kerdoerik.keriweb.hu\/wp-content\/uploads\/2026\/01\/nike-trevis-jorden.jpg","width":1600,"height":896},{"@type":"BreadcrumbList","@id":"https:\/\/kerdoerik.keriweb.hu\/termek\/jordan\/#breadcrumb","itemListElement":[{"@type":"ListItem","position":1,"name":"Kezd\u0151lap","item":"https:\/\/kerdoerik.keriweb.hu\/"},{"@type":"ListItem","position":2,"name":"Shop","item":"https:\/\/kerdoerik.keriweb.hu\/"},{"@type":"ListItem","position":3,"name":"Jordan"}]},{"@type":"WebSite","@id":"https:\/\/kerdoerik.keriweb.hu\/#website","url":"https:\/\/kerdoerik.keriweb.hu\/","name":"Sneakyard","description":"My WordPress Blog","publisher":{"@id":"https:\/\/kerdoerik.keriweb.hu\/#organization"},"potentialAction":[{"@type":"SearchAction","target":{"@type":"EntryPoint","urlTemplate":"https:\/\/kerdoerik.keriweb.hu\/?s={search_term_string}"},"query-input":{"@type":"PropertyValueSpecification","valueRequired":true,"valueName":"search_term_string"}}],"inLanguage":"en-GB"},{"@type":"Organization","@id":"https:\/\/kerdoerik.keriweb.hu\/#organization","name":"Sneakyard","url":"https:\/\/kerdoerik.keriweb.hu\/","logo":{"@type":"ImageObject","inLanguage":"en-GB","@id":"https:\/\/kerdoerik.keriweb.hu\/#\/schema\/logo\/image\/","url":"https:\/\/kerdoerik.keriweb.hu\/wp-content\/uploads\/2026\/01\/cropped-cipo-webshop-sneakyard-logo.jpg","contentUrl":"https:\/\/kerdoerik.keriweb.hu\/wp-content\/uploads\/2026\/01\/cropped-cipo-webshop-sneakyard-logo.jpg","width":1599,"height":386,"caption":"Sneakyard"},"image":{"@id":"https:\/\/kerdoerik.keriweb.hu\/#\/schema\/logo\/image\/"}}]}},"_links":{"self":[{"href":"https:\/\/kerdoerik.keriweb.hu\/en\/wp-json\/wp\/v2\/product\/214","targetHints":{"allow":["GET"]}}],"collection":[{"href":"https:\/\/kerdoerik.keriweb.hu\/en\/wp-json\/wp\/v2\/product"}],"about":[{"href":"https:\/\/kerdoerik.keriweb.hu\/en\/wp-json\/wp\/v2\/types\/product"}],"wp:featuredmedia":[{"embeddable":true,"href":"https:\/\/kerdoerik.keriweb.hu\/en\/wp-json\/wp\/v2\/media\/90"}],"wp:attachment":[{"href":"https:\/\/kerdoerik.keriweb.hu\/en\/wp-json\/wp\/v2\/media?parent=214"}],"wp:term":[{"taxonomy":"product_brand","embeddable":true,"href":"https:\/\/kerdoerik.keriweb.hu\/en\/wp-json\/wp\/v2\/product_brand?post=214"},{"taxonomy":"product_cat","embeddable":true,"href":"https:\/\/kerdoerik.keriweb.hu\/en\/wp-json\/wp\/v2\/product_cat?post=214"},{"taxonomy":"product_tag","embeddable":true,"href":"https:\/\/kerdoerik.keriweb.hu\/en\/wp-json\/wp\/v2\/product_tag?post=214"}],"curies":[{"name":"wp","href":"https:\/\/api.w.org\/{rel}","templated":true}]}}