{"id":194,"date":"2026-01-21T14:41:38","date_gmt":"2026-01-21T12:41:38","guid":{"rendered":"https:\/\/kerdoerik.keriweb.hu\/?post_type=product&#038;p=194"},"modified":"2026-01-21T14:41:39","modified_gmt":"2026-01-21T12:41:39","slug":"nike-air-force-2","status":"publish","type":"product","link":"https:\/\/kerdoerik.keriweb.hu\/en\/product\/nike-air-force-2\/","title":{"rendered":"Nike Air Force"},"content":{"rendered":"<p>A Nike Air Force 1 ikonikus, klasszikus sneaker, amely a kos\u00e1rlabdap\u00e1ly\u00e1r\u00f3l az utcai st\u00edlus alapdarabj\u00e1v\u00e1 v\u00e1lt. Tart\u00f3s b\u0151r fels\u0151r\u00e9sze, p\u00e1rn\u00e1zott talpa \u00e9s jellegzetes Air egys\u00e9ge eg\u00e9sz napos k\u00e9nyelmet biztos\u00edt, mik\u00f6zben letisztult, id\u0151tlen diz\u00e1jnja minden outfithez passzol. T\u00f6k\u00e9letes v\u00e1laszt\u00e1s mindennapi viselethez \u00e9s sneaker-rajong\u00f3knak egyar\u00e1nt. \ud83d\udc5f<\/p>","protected":false},"excerpt":{"rendered":"<p>A Nike Air Force 1 ikonikus, klasszikus sneaker, amely a kos\u00e1rlabdap\u00e1ly\u00e1r\u00f3l az utcai st\u00edlus alapdarabj\u00e1v\u00e1 v\u00e1lt. Tart\u00f3s b\u0151r fels\u0151r\u00e9sze, p\u00e1rn\u00e1zott talpa \u00e9s jellegzetes Air egys\u00e9ge eg\u00e9sz napos k\u00e9nyelmet biztos\u00edt, mik\u00f6zben letisztult, id\u0151tlen diz\u00e1jnja minden outfithez passzol. T\u00f6k\u00e9letes v\u00e1laszt\u00e1s mindennapi viselethez \u00e9s sneaker-rajong\u00f3knak egyar\u00e1nt. \ud83d\udc5f<\/p>","protected":false},"featured_media":89,"template":"","meta":{"_acf_changed":false},"product_brand":[17],"product_cat":[16],"product_tag":[28,24,26],"class_list":{"0":"post-194","1":"product","2":"type-product","3":"status-publish","4":"has-post-thumbnail","6":"product_brand-nike","7":"product_cat-cipo","8":"product_tag-air-force","9":"product_tag-nike","10":"product_tag-utcai","12":"first","13":"instock","14":"taxable","15":"shipping-taxable","16":"purchasable","17":"product-type-variable"},"acf":[],"yoast_head":"<!-- This site is optimized with the Yoast SEO plugin v27.3 - https:\/\/yoast.com\/product\/yoast-seo-wordpress\/ -->\n<title>Nike Air Force - Sneakyard<\/title>\n<meta name=\"robots\" content=\"index, follow, max-snippet:-1, max-image-preview:large, max-video-preview:-1\" \/>\n<link rel=\"canonical\" href=\"https:\/\/kerdoerik.keriweb.hu\/en\/product\/nike-air-force-2\/\" \/>\n<meta property=\"og:locale\" content=\"en_GB\" \/>\n<meta property=\"og:type\" content=\"article\" \/>\n<meta property=\"og:title\" content=\"Nike Air Force - Sneakyard\" \/>\n<meta property=\"og:description\" content=\"A Nike Air Force 1 ikonikus, klasszikus sneaker, amely a kos\u00e1rlabdap\u00e1ly\u00e1r\u00f3l az utcai st\u00edlus alapdarabj\u00e1v\u00e1 v\u00e1lt. Tart\u00f3s b\u0151r fels\u0151r\u00e9sze, p\u00e1rn\u00e1zott talpa \u00e9s jellegzetes Air egys\u00e9ge eg\u00e9sz napos k\u00e9nyelmet biztos\u00edt, mik\u00f6zben letisztult, id\u0151tlen diz\u00e1jnja minden outfithez passzol. T\u00f6k\u00e9letes v\u00e1laszt\u00e1s mindennapi viselethez \u00e9s sneaker-rajong\u00f3knak egyar\u00e1nt. \ud83d\udc5f\" \/>\n<meta property=\"og:url\" content=\"https:\/\/kerdoerik.keriweb.hu\/en\/product\/nike-air-force-2\/\" \/>\n<meta property=\"og:site_name\" content=\"Sneakyard\" \/>\n<meta property=\"article:modified_time\" content=\"2026-01-21T12:41:39+00:00\" \/>\n<meta property=\"og:image\" content=\"https:\/\/kerdoerik.keriweb.hu\/wp-content\/uploads\/2026\/01\/nike-air-force-fekete.jpg\" \/>\n\t<meta property=\"og:image:width\" content=\"1600\" \/>\n\t<meta property=\"og:image:height\" content=\"896\" \/>\n\t<meta property=\"og:image:type\" content=\"image\/jpeg\" \/>\n<meta name=\"twitter:card\" content=\"summary_large_image\" \/>\n<meta name=\"twitter:label1\" content=\"Estimated reading time\" \/>\n\t<meta name=\"twitter:data1\" content=\"1 minute\" \/>\n<script type=\"application\/ld+json\" class=\"yoast-schema-graph\">{\"@context\":\"https:\\\/\\\/schema.org\",\"@graph\":[{\"@type\":\"WebPage\",\"@id\":\"https:\\\/\\\/kerdoerik.keriweb.hu\\\/termek\\\/nike-air-force-2\\\/\",\"url\":\"https:\\\/\\\/kerdoerik.keriweb.hu\\\/termek\\\/nike-air-force-2\\\/\",\"name\":\"Nike Air Force - Sneakyard\",\"isPartOf\":{\"@id\":\"https:\\\/\\\/kerdoerik.keriweb.hu\\\/#website\"},\"primaryImageOfPage\":{\"@id\":\"https:\\\/\\\/kerdoerik.keriweb.hu\\\/termek\\\/nike-air-force-2\\\/#primaryimage\"},\"image\":{\"@id\":\"https:\\\/\\\/kerdoerik.keriweb.hu\\\/termek\\\/nike-air-force-2\\\/#primaryimage\"},\"thumbnailUrl\":\"https:\\\/\\\/kerdoerik.keriweb.hu\\\/wp-content\\\/uploads\\\/2026\\\/01\\\/nike-air-force-fekete.jpg\",\"datePublished\":\"2026-01-21T12:41:38+00:00\",\"dateModified\":\"2026-01-21T12:41:39+00:00\",\"breadcrumb\":{\"@id\":\"https:\\\/\\\/kerdoerik.keriweb.hu\\\/termek\\\/nike-air-force-2\\\/#breadcrumb\"},\"inLanguage\":\"en-GB\",\"potentialAction\":[{\"@type\":\"ReadAction\",\"target\":[\"https:\\\/\\\/kerdoerik.keriweb.hu\\\/termek\\\/nike-air-force-2\\\/\"]}]},{\"@type\":\"ImageObject\",\"inLanguage\":\"en-GB\",\"@id\":\"https:\\\/\\\/kerdoerik.keriweb.hu\\\/termek\\\/nike-air-force-2\\\/#primaryimage\",\"url\":\"https:\\\/\\\/kerdoerik.keriweb.hu\\\/wp-content\\\/uploads\\\/2026\\\/01\\\/nike-air-force-fekete.jpg\",\"contentUrl\":\"https:\\\/\\\/kerdoerik.keriweb.hu\\\/wp-content\\\/uploads\\\/2026\\\/01\\\/nike-air-force-fekete.jpg\",\"width\":1600,\"height\":896},{\"@type\":\"BreadcrumbList\",\"@id\":\"https:\\\/\\\/kerdoerik.keriweb.hu\\\/termek\\\/nike-air-force-2\\\/#breadcrumb\",\"itemListElement\":[{\"@type\":\"ListItem\",\"position\":1,\"name\":\"Kezd\u0151lap\",\"item\":\"https:\\\/\\\/kerdoerik.keriweb.hu\\\/\"},{\"@type\":\"ListItem\",\"position\":2,\"name\":\"Shop\",\"item\":\"https:\\\/\\\/kerdoerik.keriweb.hu\\\/\"},{\"@type\":\"ListItem\",\"position\":3,\"name\":\"Nike Air Force\"}]},{\"@type\":\"WebSite\",\"@id\":\"https:\\\/\\\/kerdoerik.keriweb.hu\\\/#website\",\"url\":\"https:\\\/\\\/kerdoerik.keriweb.hu\\\/\",\"name\":\"Sneakyard\",\"description\":\"My WordPress Blog\",\"publisher\":{\"@id\":\"https:\\\/\\\/kerdoerik.keriweb.hu\\\/#organization\"},\"potentialAction\":[{\"@type\":\"SearchAction\",\"target\":{\"@type\":\"EntryPoint\",\"urlTemplate\":\"https:\\\/\\\/kerdoerik.keriweb.hu\\\/?s={search_term_string}\"},\"query-input\":{\"@type\":\"PropertyValueSpecification\",\"valueRequired\":true,\"valueName\":\"search_term_string\"}}],\"inLanguage\":\"en-GB\"},{\"@type\":\"Organization\",\"@id\":\"https:\\\/\\\/kerdoerik.keriweb.hu\\\/#organization\",\"name\":\"Sneakyard\",\"url\":\"https:\\\/\\\/kerdoerik.keriweb.hu\\\/\",\"logo\":{\"@type\":\"ImageObject\",\"inLanguage\":\"en-GB\",\"@id\":\"https:\\\/\\\/kerdoerik.keriweb.hu\\\/#\\\/schema\\\/logo\\\/image\\\/\",\"url\":\"https:\\\/\\\/kerdoerik.keriweb.hu\\\/wp-content\\\/uploads\\\/2026\\\/01\\\/cropped-cipo-webshop-sneakyard-logo.jpg\",\"contentUrl\":\"https:\\\/\\\/kerdoerik.keriweb.hu\\\/wp-content\\\/uploads\\\/2026\\\/01\\\/cropped-cipo-webshop-sneakyard-logo.jpg\",\"width\":1599,\"height\":386,\"caption\":\"Sneakyard\"},\"image\":{\"@id\":\"https:\\\/\\\/kerdoerik.keriweb.hu\\\/#\\\/schema\\\/logo\\\/image\\\/\"}}]}<\/script>\n<!-- \/ Yoast SEO plugin. -->","yoast_head_json":{"title":"Nike Air Force - Sneakyard","robots":{"index":"index","follow":"follow","max-snippet":"max-snippet:-1","max-image-preview":"max-image-preview:large","max-video-preview":"max-video-preview:-1"},"canonical":"https:\/\/kerdoerik.keriweb.hu\/en\/product\/nike-air-force-2\/","og_locale":"en_GB","og_type":"article","og_title":"Nike Air Force - Sneakyard","og_description":"A Nike Air Force 1 ikonikus, klasszikus sneaker, amely a kos\u00e1rlabdap\u00e1ly\u00e1r\u00f3l az utcai st\u00edlus alapdarabj\u00e1v\u00e1 v\u00e1lt. Tart\u00f3s b\u0151r fels\u0151r\u00e9sze, p\u00e1rn\u00e1zott talpa \u00e9s jellegzetes Air egys\u00e9ge eg\u00e9sz napos k\u00e9nyelmet biztos\u00edt, mik\u00f6zben letisztult, id\u0151tlen diz\u00e1jnja minden outfithez passzol. T\u00f6k\u00e9letes v\u00e1laszt\u00e1s mindennapi viselethez \u00e9s sneaker-rajong\u00f3knak egyar\u00e1nt. \ud83d\udc5f","og_url":"https:\/\/kerdoerik.keriweb.hu\/en\/product\/nike-air-force-2\/","og_site_name":"Sneakyard","article_modified_time":"2026-01-21T12:41:39+00:00","og_image":[{"width":1600,"height":896,"url":"https:\/\/kerdoerik.keriweb.hu\/wp-content\/uploads\/2026\/01\/nike-air-force-fekete.jpg","type":"image\/jpeg"}],"twitter_card":"summary_large_image","twitter_misc":{"Estimated reading time":"1 minute"},"schema":{"@context":"https:\/\/schema.org","@graph":[{"@type":"WebPage","@id":"https:\/\/kerdoerik.keriweb.hu\/termek\/nike-air-force-2\/","url":"https:\/\/kerdoerik.keriweb.hu\/termek\/nike-air-force-2\/","name":"Nike Air Force - Sneakyard","isPartOf":{"@id":"https:\/\/kerdoerik.keriweb.hu\/#website"},"primaryImageOfPage":{"@id":"https:\/\/kerdoerik.keriweb.hu\/termek\/nike-air-force-2\/#primaryimage"},"image":{"@id":"https:\/\/kerdoerik.keriweb.hu\/termek\/nike-air-force-2\/#primaryimage"},"thumbnailUrl":"https:\/\/kerdoerik.keriweb.hu\/wp-content\/uploads\/2026\/01\/nike-air-force-fekete.jpg","datePublished":"2026-01-21T12:41:38+00:00","dateModified":"2026-01-21T12:41:39+00:00","breadcrumb":{"@id":"https:\/\/kerdoerik.keriweb.hu\/termek\/nike-air-force-2\/#breadcrumb"},"inLanguage":"en-GB","potentialAction":[{"@type":"ReadAction","target":["https:\/\/kerdoerik.keriweb.hu\/termek\/nike-air-force-2\/"]}]},{"@type":"ImageObject","inLanguage":"en-GB","@id":"https:\/\/kerdoerik.keriweb.hu\/termek\/nike-air-force-2\/#primaryimage","url":"https:\/\/kerdoerik.keriweb.hu\/wp-content\/uploads\/2026\/01\/nike-air-force-fekete.jpg","contentUrl":"https:\/\/kerdoerik.keriweb.hu\/wp-content\/uploads\/2026\/01\/nike-air-force-fekete.jpg","width":1600,"height":896},{"@type":"BreadcrumbList","@id":"https:\/\/kerdoerik.keriweb.hu\/termek\/nike-air-force-2\/#breadcrumb","itemListElement":[{"@type":"ListItem","position":1,"name":"Kezd\u0151lap","item":"https:\/\/kerdoerik.keriweb.hu\/"},{"@type":"ListItem","position":2,"name":"Shop","item":"https:\/\/kerdoerik.keriweb.hu\/"},{"@type":"ListItem","position":3,"name":"Nike Air Force"}]},{"@type":"WebSite","@id":"https:\/\/kerdoerik.keriweb.hu\/#website","url":"https:\/\/kerdoerik.keriweb.hu\/","name":"Sneakyard","description":"My WordPress Blog","publisher":{"@id":"https:\/\/kerdoerik.keriweb.hu\/#organization"},"potentialAction":[{"@type":"SearchAction","target":{"@type":"EntryPoint","urlTemplate":"https:\/\/kerdoerik.keriweb.hu\/?s={search_term_string}"},"query-input":{"@type":"PropertyValueSpecification","valueRequired":true,"valueName":"search_term_string"}}],"inLanguage":"en-GB"},{"@type":"Organization","@id":"https:\/\/kerdoerik.keriweb.hu\/#organization","name":"Sneakyard","url":"https:\/\/kerdoerik.keriweb.hu\/","logo":{"@type":"ImageObject","inLanguage":"en-GB","@id":"https:\/\/kerdoerik.keriweb.hu\/#\/schema\/logo\/image\/","url":"https:\/\/kerdoerik.keriweb.hu\/wp-content\/uploads\/2026\/01\/cropped-cipo-webshop-sneakyard-logo.jpg","contentUrl":"https:\/\/kerdoerik.keriweb.hu\/wp-content\/uploads\/2026\/01\/cropped-cipo-webshop-sneakyard-logo.jpg","width":1599,"height":386,"caption":"Sneakyard"},"image":{"@id":"https:\/\/kerdoerik.keriweb.hu\/#\/schema\/logo\/image\/"}}]}},"_links":{"self":[{"href":"https:\/\/kerdoerik.keriweb.hu\/en\/wp-json\/wp\/v2\/product\/194","targetHints":{"allow":["GET"]}}],"collection":[{"href":"https:\/\/kerdoerik.keriweb.hu\/en\/wp-json\/wp\/v2\/product"}],"about":[{"href":"https:\/\/kerdoerik.keriweb.hu\/en\/wp-json\/wp\/v2\/types\/product"}],"wp:featuredmedia":[{"embeddable":true,"href":"https:\/\/kerdoerik.keriweb.hu\/en\/wp-json\/wp\/v2\/media\/89"}],"wp:attachment":[{"href":"https:\/\/kerdoerik.keriweb.hu\/en\/wp-json\/wp\/v2\/media?parent=194"}],"wp:term":[{"taxonomy":"product_brand","embeddable":true,"href":"https:\/\/kerdoerik.keriweb.hu\/en\/wp-json\/wp\/v2\/product_brand?post=194"},{"taxonomy":"product_cat","embeddable":true,"href":"https:\/\/kerdoerik.keriweb.hu\/en\/wp-json\/wp\/v2\/product_cat?post=194"},{"taxonomy":"product_tag","embeddable":true,"href":"https:\/\/kerdoerik.keriweb.hu\/en\/wp-json\/wp\/v2\/product_tag?post=194"}],"curies":[{"name":"wp","href":"https:\/\/api.w.org\/{rel}","templated":true}]}}