{"id":163,"date":"2026-01-21T14:26:20","date_gmt":"2026-01-21T12:26:20","guid":{"rendered":"https:\/\/kerdoerik.keriweb.hu\/?post_type=product&#038;p=163"},"modified":"2026-01-21T14:26:20","modified_gmt":"2026-01-21T12:26:20","slug":"nike-dunk-low-4","status":"publish","type":"product","link":"https:\/\/kerdoerik.keriweb.hu\/en\/product\/nike-dunk-low-4\/","title":{"rendered":"Nike Dunk Low"},"content":{"rendered":"<p>A Nike Dunk Low ikonikus, alacsony sz\u00e1r\u00fa sneaker, amely a klasszikus kos\u00e1rlabda-st\u00edlust modern utcai megjelen\u00e9ssel \u00f6tv\u00f6zi. Tart\u00f3s fels\u0151r\u00e9sze, p\u00e1rn\u00e1zott gall\u00e9rja \u00e9s k\u00e9nyelmes talpszerkezete eg\u00e9sz napos komfortot biztos\u00edt, mik\u00f6zben letisztult diz\u00e1jnja k\u00f6nnyen kombin\u00e1lhat\u00f3 b\u00e1rmilyen outfithez. T\u00f6k\u00e9letes v\u00e1laszt\u00e1s mindennapi viselethez \u00e9s sneakerrajong\u00f3knak egyar\u00e1nt. \ud83d\udc5f<\/p>","protected":false},"excerpt":{"rendered":"<p>A Nike Dunk Low ikonikus, alacsony sz\u00e1r\u00fa sneaker, amely a klasszikus kos\u00e1rlabda-st\u00edlust modern utcai megjelen\u00e9ssel \u00f6tv\u00f6zi. Tart\u00f3s fels\u0151r\u00e9sze, p\u00e1rn\u00e1zott gall\u00e9rja \u00e9s k\u00e9nyelmes talpszerkezete eg\u00e9sz napos komfortot biztos\u00edt, mik\u00f6zben letisztult diz\u00e1jnja k\u00f6nnyen kombin\u00e1lhat\u00f3 b\u00e1rmilyen outfithez. T\u00f6k\u00e9letes v\u00e1laszt\u00e1s mindennapi viselethez \u00e9s sneakerrajong\u00f3knak egyar\u00e1nt. \ud83d\udc5f<\/p>","protected":false},"featured_media":88,"template":"","meta":{"_acf_changed":false},"product_brand":[17],"product_cat":[16],"product_tag":[25,24,26],"class_list":{"0":"post-163","1":"product","2":"type-product","3":"status-publish","4":"has-post-thumbnail","6":"product_brand-nike","7":"product_cat-cipo","8":"product_tag-dunk","9":"product_tag-nike","10":"product_tag-utcai","12":"first","13":"instock","14":"taxable","15":"shipping-taxable","16":"purchasable","17":"product-type-variable"},"acf":[],"yoast_head":"<!-- This site is optimized with the Yoast SEO plugin v27.3 - https:\/\/yoast.com\/product\/yoast-seo-wordpress\/ -->\n<title>Nike Dunk Low - Sneakyard<\/title>\n<meta name=\"robots\" content=\"index, follow, max-snippet:-1, max-image-preview:large, max-video-preview:-1\" \/>\n<link rel=\"canonical\" href=\"https:\/\/kerdoerik.keriweb.hu\/en\/product\/nike-dunk-low-4\/\" \/>\n<meta property=\"og:locale\" content=\"en_GB\" \/>\n<meta property=\"og:type\" content=\"article\" \/>\n<meta property=\"og:title\" content=\"Nike Dunk Low - Sneakyard\" \/>\n<meta property=\"og:description\" content=\"A Nike Dunk Low ikonikus, alacsony sz\u00e1r\u00fa sneaker, amely a klasszikus kos\u00e1rlabda-st\u00edlust modern utcai megjelen\u00e9ssel \u00f6tv\u00f6zi. Tart\u00f3s fels\u0151r\u00e9sze, p\u00e1rn\u00e1zott gall\u00e9rja \u00e9s k\u00e9nyelmes talpszerkezete eg\u00e9sz napos komfortot biztos\u00edt, mik\u00f6zben letisztult diz\u00e1jnja k\u00f6nnyen kombin\u00e1lhat\u00f3 b\u00e1rmilyen outfithez. T\u00f6k\u00e9letes v\u00e1laszt\u00e1s mindennapi viselethez \u00e9s sneakerrajong\u00f3knak egyar\u00e1nt. \ud83d\udc5f\" \/>\n<meta property=\"og:url\" content=\"https:\/\/kerdoerik.keriweb.hu\/en\/product\/nike-dunk-low-4\/\" \/>\n<meta property=\"og:site_name\" content=\"Sneakyard\" \/>\n<meta property=\"og:image\" content=\"https:\/\/kerdoerik.keriweb.hu\/wp-content\/uploads\/2026\/01\/nike-dunk-low-grey-fog.jpg\" \/>\n\t<meta property=\"og:image:width\" content=\"1600\" \/>\n\t<meta property=\"og:image:height\" content=\"896\" \/>\n\t<meta property=\"og:image:type\" content=\"image\/jpeg\" \/>\n<meta name=\"twitter:card\" content=\"summary_large_image\" \/>\n<meta name=\"twitter:label1\" content=\"Estimated reading time\" \/>\n\t<meta name=\"twitter:data1\" content=\"1 minute\" \/>\n<script type=\"application\/ld+json\" class=\"yoast-schema-graph\">{\"@context\":\"https:\\\/\\\/schema.org\",\"@graph\":[{\"@type\":\"WebPage\",\"@id\":\"https:\\\/\\\/kerdoerik.keriweb.hu\\\/termek\\\/nike-dunk-low-4\\\/\",\"url\":\"https:\\\/\\\/kerdoerik.keriweb.hu\\\/termek\\\/nike-dunk-low-4\\\/\",\"name\":\"Nike Dunk Low - Sneakyard\",\"isPartOf\":{\"@id\":\"https:\\\/\\\/kerdoerik.keriweb.hu\\\/#website\"},\"primaryImageOfPage\":{\"@id\":\"https:\\\/\\\/kerdoerik.keriweb.hu\\\/termek\\\/nike-dunk-low-4\\\/#primaryimage\"},\"image\":{\"@id\":\"https:\\\/\\\/kerdoerik.keriweb.hu\\\/termek\\\/nike-dunk-low-4\\\/#primaryimage\"},\"thumbnailUrl\":\"https:\\\/\\\/kerdoerik.keriweb.hu\\\/wp-content\\\/uploads\\\/2026\\\/01\\\/nike-dunk-low-grey-fog.jpg\",\"datePublished\":\"2026-01-21T12:26:20+00:00\",\"breadcrumb\":{\"@id\":\"https:\\\/\\\/kerdoerik.keriweb.hu\\\/termek\\\/nike-dunk-low-4\\\/#breadcrumb\"},\"inLanguage\":\"en-GB\",\"potentialAction\":[{\"@type\":\"ReadAction\",\"target\":[\"https:\\\/\\\/kerdoerik.keriweb.hu\\\/termek\\\/nike-dunk-low-4\\\/\"]}]},{\"@type\":\"ImageObject\",\"inLanguage\":\"en-GB\",\"@id\":\"https:\\\/\\\/kerdoerik.keriweb.hu\\\/termek\\\/nike-dunk-low-4\\\/#primaryimage\",\"url\":\"https:\\\/\\\/kerdoerik.keriweb.hu\\\/wp-content\\\/uploads\\\/2026\\\/01\\\/nike-dunk-low-grey-fog.jpg\",\"contentUrl\":\"https:\\\/\\\/kerdoerik.keriweb.hu\\\/wp-content\\\/uploads\\\/2026\\\/01\\\/nike-dunk-low-grey-fog.jpg\",\"width\":1600,\"height\":896},{\"@type\":\"BreadcrumbList\",\"@id\":\"https:\\\/\\\/kerdoerik.keriweb.hu\\\/termek\\\/nike-dunk-low-4\\\/#breadcrumb\",\"itemListElement\":[{\"@type\":\"ListItem\",\"position\":1,\"name\":\"Kezd\u0151lap\",\"item\":\"https:\\\/\\\/kerdoerik.keriweb.hu\\\/\"},{\"@type\":\"ListItem\",\"position\":2,\"name\":\"Shop\",\"item\":\"https:\\\/\\\/kerdoerik.keriweb.hu\\\/\"},{\"@type\":\"ListItem\",\"position\":3,\"name\":\"Nike Dunk Low\"}]},{\"@type\":\"WebSite\",\"@id\":\"https:\\\/\\\/kerdoerik.keriweb.hu\\\/#website\",\"url\":\"https:\\\/\\\/kerdoerik.keriweb.hu\\\/\",\"name\":\"Sneakyard\",\"description\":\"My WordPress Blog\",\"publisher\":{\"@id\":\"https:\\\/\\\/kerdoerik.keriweb.hu\\\/#organization\"},\"potentialAction\":[{\"@type\":\"SearchAction\",\"target\":{\"@type\":\"EntryPoint\",\"urlTemplate\":\"https:\\\/\\\/kerdoerik.keriweb.hu\\\/?s={search_term_string}\"},\"query-input\":{\"@type\":\"PropertyValueSpecification\",\"valueRequired\":true,\"valueName\":\"search_term_string\"}}],\"inLanguage\":\"en-GB\"},{\"@type\":\"Organization\",\"@id\":\"https:\\\/\\\/kerdoerik.keriweb.hu\\\/#organization\",\"name\":\"Sneakyard\",\"url\":\"https:\\\/\\\/kerdoerik.keriweb.hu\\\/\",\"logo\":{\"@type\":\"ImageObject\",\"inLanguage\":\"en-GB\",\"@id\":\"https:\\\/\\\/kerdoerik.keriweb.hu\\\/#\\\/schema\\\/logo\\\/image\\\/\",\"url\":\"https:\\\/\\\/kerdoerik.keriweb.hu\\\/wp-content\\\/uploads\\\/2026\\\/01\\\/cropped-cipo-webshop-sneakyard-logo.jpg\",\"contentUrl\":\"https:\\\/\\\/kerdoerik.keriweb.hu\\\/wp-content\\\/uploads\\\/2026\\\/01\\\/cropped-cipo-webshop-sneakyard-logo.jpg\",\"width\":1599,\"height\":386,\"caption\":\"Sneakyard\"},\"image\":{\"@id\":\"https:\\\/\\\/kerdoerik.keriweb.hu\\\/#\\\/schema\\\/logo\\\/image\\\/\"}}]}<\/script>\n<!-- \/ Yoast SEO plugin. -->","yoast_head_json":{"title":"Nike Dunk Low - Sneakyard","robots":{"index":"index","follow":"follow","max-snippet":"max-snippet:-1","max-image-preview":"max-image-preview:large","max-video-preview":"max-video-preview:-1"},"canonical":"https:\/\/kerdoerik.keriweb.hu\/en\/product\/nike-dunk-low-4\/","og_locale":"en_GB","og_type":"article","og_title":"Nike Dunk Low - Sneakyard","og_description":"A Nike Dunk Low ikonikus, alacsony sz\u00e1r\u00fa sneaker, amely a klasszikus kos\u00e1rlabda-st\u00edlust modern utcai megjelen\u00e9ssel \u00f6tv\u00f6zi. Tart\u00f3s fels\u0151r\u00e9sze, p\u00e1rn\u00e1zott gall\u00e9rja \u00e9s k\u00e9nyelmes talpszerkezete eg\u00e9sz napos komfortot biztos\u00edt, mik\u00f6zben letisztult diz\u00e1jnja k\u00f6nnyen kombin\u00e1lhat\u00f3 b\u00e1rmilyen outfithez. T\u00f6k\u00e9letes v\u00e1laszt\u00e1s mindennapi viselethez \u00e9s sneakerrajong\u00f3knak egyar\u00e1nt. \ud83d\udc5f","og_url":"https:\/\/kerdoerik.keriweb.hu\/en\/product\/nike-dunk-low-4\/","og_site_name":"Sneakyard","og_image":[{"width":1600,"height":896,"url":"https:\/\/kerdoerik.keriweb.hu\/wp-content\/uploads\/2026\/01\/nike-dunk-low-grey-fog.jpg","type":"image\/jpeg"}],"twitter_card":"summary_large_image","twitter_misc":{"Estimated reading time":"1 minute"},"schema":{"@context":"https:\/\/schema.org","@graph":[{"@type":"WebPage","@id":"https:\/\/kerdoerik.keriweb.hu\/termek\/nike-dunk-low-4\/","url":"https:\/\/kerdoerik.keriweb.hu\/termek\/nike-dunk-low-4\/","name":"Nike Dunk Low - Sneakyard","isPartOf":{"@id":"https:\/\/kerdoerik.keriweb.hu\/#website"},"primaryImageOfPage":{"@id":"https:\/\/kerdoerik.keriweb.hu\/termek\/nike-dunk-low-4\/#primaryimage"},"image":{"@id":"https:\/\/kerdoerik.keriweb.hu\/termek\/nike-dunk-low-4\/#primaryimage"},"thumbnailUrl":"https:\/\/kerdoerik.keriweb.hu\/wp-content\/uploads\/2026\/01\/nike-dunk-low-grey-fog.jpg","datePublished":"2026-01-21T12:26:20+00:00","breadcrumb":{"@id":"https:\/\/kerdoerik.keriweb.hu\/termek\/nike-dunk-low-4\/#breadcrumb"},"inLanguage":"en-GB","potentialAction":[{"@type":"ReadAction","target":["https:\/\/kerdoerik.keriweb.hu\/termek\/nike-dunk-low-4\/"]}]},{"@type":"ImageObject","inLanguage":"en-GB","@id":"https:\/\/kerdoerik.keriweb.hu\/termek\/nike-dunk-low-4\/#primaryimage","url":"https:\/\/kerdoerik.keriweb.hu\/wp-content\/uploads\/2026\/01\/nike-dunk-low-grey-fog.jpg","contentUrl":"https:\/\/kerdoerik.keriweb.hu\/wp-content\/uploads\/2026\/01\/nike-dunk-low-grey-fog.jpg","width":1600,"height":896},{"@type":"BreadcrumbList","@id":"https:\/\/kerdoerik.keriweb.hu\/termek\/nike-dunk-low-4\/#breadcrumb","itemListElement":[{"@type":"ListItem","position":1,"name":"Kezd\u0151lap","item":"https:\/\/kerdoerik.keriweb.hu\/"},{"@type":"ListItem","position":2,"name":"Shop","item":"https:\/\/kerdoerik.keriweb.hu\/"},{"@type":"ListItem","position":3,"name":"Nike Dunk Low"}]},{"@type":"WebSite","@id":"https:\/\/kerdoerik.keriweb.hu\/#website","url":"https:\/\/kerdoerik.keriweb.hu\/","name":"Sneakyard","description":"My WordPress Blog","publisher":{"@id":"https:\/\/kerdoerik.keriweb.hu\/#organization"},"potentialAction":[{"@type":"SearchAction","target":{"@type":"EntryPoint","urlTemplate":"https:\/\/kerdoerik.keriweb.hu\/?s={search_term_string}"},"query-input":{"@type":"PropertyValueSpecification","valueRequired":true,"valueName":"search_term_string"}}],"inLanguage":"en-GB"},{"@type":"Organization","@id":"https:\/\/kerdoerik.keriweb.hu\/#organization","name":"Sneakyard","url":"https:\/\/kerdoerik.keriweb.hu\/","logo":{"@type":"ImageObject","inLanguage":"en-GB","@id":"https:\/\/kerdoerik.keriweb.hu\/#\/schema\/logo\/image\/","url":"https:\/\/kerdoerik.keriweb.hu\/wp-content\/uploads\/2026\/01\/cropped-cipo-webshop-sneakyard-logo.jpg","contentUrl":"https:\/\/kerdoerik.keriweb.hu\/wp-content\/uploads\/2026\/01\/cropped-cipo-webshop-sneakyard-logo.jpg","width":1599,"height":386,"caption":"Sneakyard"},"image":{"@id":"https:\/\/kerdoerik.keriweb.hu\/#\/schema\/logo\/image\/"}}]}},"_links":{"self":[{"href":"https:\/\/kerdoerik.keriweb.hu\/en\/wp-json\/wp\/v2\/product\/163","targetHints":{"allow":["GET"]}}],"collection":[{"href":"https:\/\/kerdoerik.keriweb.hu\/en\/wp-json\/wp\/v2\/product"}],"about":[{"href":"https:\/\/kerdoerik.keriweb.hu\/en\/wp-json\/wp\/v2\/types\/product"}],"wp:featuredmedia":[{"embeddable":true,"href":"https:\/\/kerdoerik.keriweb.hu\/en\/wp-json\/wp\/v2\/media\/88"}],"wp:attachment":[{"href":"https:\/\/kerdoerik.keriweb.hu\/en\/wp-json\/wp\/v2\/media?parent=163"}],"wp:term":[{"taxonomy":"product_brand","embeddable":true,"href":"https:\/\/kerdoerik.keriweb.hu\/en\/wp-json\/wp\/v2\/product_brand?post=163"},{"taxonomy":"product_cat","embeddable":true,"href":"https:\/\/kerdoerik.keriweb.hu\/en\/wp-json\/wp\/v2\/product_cat?post=163"},{"taxonomy":"product_tag","embeddable":true,"href":"https:\/\/kerdoerik.keriweb.hu\/en\/wp-json\/wp\/v2\/product_tag?post=163"}],"curies":[{"name":"wp","href":"https:\/\/api.w.org\/{rel}","templated":true}]}}