{"id":310,"date":"2026-01-27T11:24:12","date_gmt":"2026-01-27T09:24:12","guid":{"rendered":"https:\/\/kerdoerik.keriweb.hu\/?page_id=310"},"modified":"2026-01-27T11:28:33","modified_gmt":"2026-01-27T09:28:33","slug":"aszf","status":"publish","type":"page","link":"https:\/\/kerdoerik.keriweb.hu\/en\/aszf\/","title":{"rendered":"\u00c1SZF"},"content":{"rendered":"<h1 data-start=\"168\" data-end=\"201\">\u00c1ltal\u00e1nos Szerz\u0151d\u00e9si Felt\u00e9telek<\/h1>\n<p data-start=\"203\" data-end=\"225\"><strong data-start=\"203\" data-end=\"225\">Szolg\u00e1ltat\u00f3 adatai<\/strong><\/p>\n<p data-start=\"227\" data-end=\"512\">A web\u00e1ruh\u00e1z \u00fczemeltet\u0151je a <strong>Sneakyard<\/strong>, sz\u00e9khelye <strong data-start=\"295\" data-end=\"304\">B\u00e9k\u00e9scsaba<\/strong>, ad\u00f3sz\u00e1ma <strong data-start=\"315\" data-end=\"328\">[ad\u00f3sz\u00e1m]<\/strong>, c\u00e9gjegyz\u00e9ksz\u00e1ma vagy egy\u00e9ni v\u00e1llalkoz\u00f3i nyilv\u00e1ntart\u00e1si sz\u00e1ma <strong data-start=\"391\" data-end=\"401\">[sz\u00e1m]<\/strong>, e-mail c\u00edme <strong data-start=\"415\" data-end=\"427\">[e-mail]<\/strong>, telefonsz\u00e1ma <strong data-start=\"442\" data-end=\"459\">[telefonsz\u00e1m]<\/strong>, weboldala <strong data-start=\"471\" data-end=\"483\">[domain]<\/strong>. A tov\u00e1bbiakban Szolg\u00e1ltat\u00f3.<\/p>\n<p data-start=\"514\" data-end=\"533\"><strong data-start=\"514\" data-end=\"533\">Az \u00c1SZF hat\u00e1lya<\/strong><\/p>\n<p data-start=\"535\" data-end=\"750\">Jelen \u00c1ltal\u00e1nos Szerz\u0151d\u00e9si Felt\u00e9telek a Szolg\u00e1ltat\u00f3 \u00e1ltal \u00fczemeltetett web\u00e1ruh\u00e1zban leadott rendel\u00e9sekre vonatkoznak. A v\u00e1s\u00e1rl\u00e1s felt\u00e9tele az \u00c1SZF elfogad\u00e1sa. A szerz\u0151d\u00e9s elektronikus \u00faton, magyar nyelven j\u00f6n l\u00e9tre.<\/p>\n<p data-start=\"752\" data-end=\"773\"><strong data-start=\"752\" data-end=\"773\">A rendel\u00e9s menete<\/strong><\/p>\n<p data-start=\"775\" data-end=\"998\">A v\u00e1s\u00e1rl\u00f3 kiv\u00e1lasztja a megv\u00e1s\u00e1rolni k\u00edv\u00e1nt cip\u0151t, annak m\u00e9ret\u00e9t \u00e9s sz\u00edn\u00e9t, majd a kos\u00e1rba helyezi. A rendel\u00e9s elk\u00fcld\u00e9se fizet\u00e9si k\u00f6telezetts\u00e9get von maga ut\u00e1n. A Szolg\u00e1ltat\u00f3 a rendel\u00e9s be\u00e9rkez\u00e9s\u00e9t e-mailben visszaigazolja.<\/p>\n<p data-start=\"1000\" data-end=\"1020\"><strong data-start=\"1000\" data-end=\"1020\">Term\u00e9kek \u00e9s \u00e1rak<\/strong><\/p>\n<p data-start=\"1022\" data-end=\"1328\">A web\u00e1ruh\u00e1zban forgalmazott term\u00e9kek \u00faj, eredeti cip\u0151k. A term\u00e9kekhez tartoz\u00f3 k\u00e9pek \u00e9s m\u00e9rett\u00e1bl\u00e1zatok t\u00e1j\u00e9koztat\u00f3 jelleg\u0171ek. A felt\u00fcntetett \u00e1rak brutt\u00f3 \u00e1rak, tartalmazz\u00e1k az \u00e1ltal\u00e1nos forgalmi ad\u00f3t. Nyilv\u00e1nval\u00f3 el\u00edr\u00e1s vagy technikai hiba eset\u00e9n a Szolg\u00e1ltat\u00f3 nem k\u00f6teles a hib\u00e1s \u00e1ron t\u00f6rt\u00e9n\u0151 teljes\u00edt\u00e9sre.<\/p>\n<p data-start=\"1330\" data-end=\"1348\"><strong data-start=\"1330\" data-end=\"1348\">Fizet\u00e9si m\u00f3dok<\/strong><\/p>\n<p data-start=\"1350\" data-end=\"1481\">A webshopban bankk\u00e1rty\u00e1s fizet\u00e9s, ut\u00e1nv\u00e9t \u00e9s el\u0151re utal\u00e1s \u00e9rhet\u0151 el, valamint a weboldalon felt\u00fcntetett egy\u00e9b fizet\u00e9si lehet\u0151s\u00e9gek.<\/p>\n<p data-start=\"1483\" data-end=\"1496\"><strong data-start=\"1483\" data-end=\"1496\">Sz\u00e1ll\u00edt\u00e1s<\/strong><\/p>\n<p data-start=\"1498\" data-end=\"1709\">A sz\u00e1ll\u00edt\u00e1s fut\u00e1rszolg\u00e1lattal t\u00f6rt\u00e9nik. A v\u00e1rhat\u00f3 sz\u00e1ll\u00edt\u00e1si id\u0151 \u00e1ltal\u00e1ban egyt\u0151l \u00f6t munkanapig terjed. A sz\u00e1ll\u00edt\u00e1si d\u00edj a rendel\u00e9s sor\u00e1n ker\u00fcl felt\u00fcntet\u00e9sre. A v\u00e1s\u00e1rl\u00f3 k\u00f6teles a csomagot \u00e1tv\u00e9telkor ellen\u0151rizni.<\/p>\n<p data-start=\"1711\" data-end=\"1743\"><strong data-start=\"1711\" data-end=\"1743\">El\u00e1ll\u00e1si jog \u00e9s visszak\u00fcld\u00e9s<\/strong><\/p>\n<p data-start=\"1745\" data-end=\"2058\">A v\u00e1s\u00e1rl\u00f3t a term\u00e9k k\u00e9zhezv\u00e9tel\u00e9t\u0151l sz\u00e1m\u00edtott tizenn\u00e9gy napon bel\u00fcl indokol\u00e1s n\u00e9lk\u00fcli el\u00e1ll\u00e1si jog illeti meg. A visszak\u00fcld\u00f6tt cip\u0151t hord\u00e1smentes \u00e1llapotban, eredeti doboz\u00e1ban sz\u00fcks\u00e9ges visszak\u00fcldeni. A visszak\u00fcld\u00e9s k\u00f6lts\u00e9ge a v\u00e1s\u00e1rl\u00f3t terheli. Haszn\u00e1lt vagy s\u00e9r\u00fclt term\u00e9k eset\u00e9n az el\u00e1ll\u00e1si jog nem gyakorolhat\u00f3.<\/p>\n<p data-start=\"2060\" data-end=\"2077\"><strong data-start=\"2060\" data-end=\"2077\">Visszat\u00e9r\u00edt\u00e9s<\/strong><\/p>\n<p data-start=\"2079\" data-end=\"2318\">A Szolg\u00e1ltat\u00f3 a visszak\u00fcld\u00f6tt term\u00e9k be\u00e9rkez\u00e9s\u00e9t k\u00f6vet\u0151en legk\u00e9s\u0151bb tizenn\u00e9gy napon bel\u00fcl visszat\u00e9r\u00edti a v\u00e9tel\u00e1rat. A visszat\u00e9r\u00edt\u00e9s az eredeti fizet\u00e9si m\u00f3ddal megegyez\u0151 m\u00f3don t\u00f6rt\u00e9nik. Az ut\u00e1nv\u00e9tes sz\u00e1ll\u00edt\u00e1s d\u00edja nem ker\u00fcl visszat\u00e9r\u00edt\u00e9sre.<\/p>\n<p data-start=\"2320\" data-end=\"2353\"><strong data-start=\"2320\" data-end=\"2353\">Kell\u00e9kszavatoss\u00e1g \u00e9s j\u00f3t\u00e1ll\u00e1s<\/strong><\/p>\n<p data-start=\"2355\" data-end=\"2592\">A v\u00e1s\u00e1rl\u00f3t a Polg\u00e1ri T\u00f6rv\u00e9nyk\u00f6nyv szerinti kell\u00e9kszavatoss\u00e1gi jogok illetik meg. Nem min\u0151s\u00fcl hib\u00e1nak a rendeltet\u00e9sszer\u0171 haszn\u00e1lat sor\u00e1n bek\u00f6vetkez\u0151 elhaszn\u00e1l\u00f3d\u00e1s. J\u00f3t\u00e1ll\u00e1s kiz\u00e1r\u00f3lag jogszab\u00e1ly vagy gy\u00e1rt\u00f3i el\u0151\u00edr\u00e1s alapj\u00e1n \u00e9rv\u00e9nyes\u00edthet\u0151.<\/p>\n<p data-start=\"2594\" data-end=\"2611\"><strong data-start=\"2594\" data-end=\"2611\">Panaszkezel\u00e9s<\/strong><\/p>\n<p data-start=\"2613\" data-end=\"2767\">A v\u00e1s\u00e1rl\u00f3 panasz\u00e1t \u00edr\u00e1sban, elektronikus lev\u00e9lben jogosult beny\u00fajtani. A Szolg\u00e1ltat\u00f3 a panaszt legk\u00e9s\u0151bb harminc napon bel\u00fcl kivizsg\u00e1lja \u00e9s megv\u00e1laszolja.<\/p>\n<p data-start=\"2769\" data-end=\"2784\"><strong data-start=\"2769\" data-end=\"2784\">Adatkezel\u00e9s<\/strong><\/p>\n<p data-start=\"2786\" data-end=\"2901\">A v\u00e1s\u00e1rl\u00f3k szem\u00e9lyes adatainak kezel\u00e9s\u00e9re k\u00fcl\u00f6n Adatkezel\u00e9si T\u00e1j\u00e9koztat\u00f3 vonatkozik, amely a web\u00e1ruh\u00e1zban el\u00e9rhet\u0151.<\/p>\n<p data-start=\"2903\" data-end=\"2925\"><strong data-start=\"2903\" data-end=\"2925\">Z\u00e1r\u00f3 rendelkez\u00e9sek<\/strong><\/p>\n<p data-start=\"2927\" data-end=\"3106\">Jelen \u00c1ltal\u00e1nos Szerz\u0151d\u00e9si Felt\u00e9telekre a magyar jog az ir\u00e1nyad\u00f3. A Szolg\u00e1ltat\u00f3 jogosult az \u00c1SZF egyoldal\u00fa m\u00f3dos\u00edt\u00e1s\u00e1ra, amely a weboldalon t\u00f6rt\u00e9n\u0151 k\u00f6zz\u00e9t\u00e9tel napj\u00e1n l\u00e9p hat\u00e1lyba.<\/p>\n","protected":false},"excerpt":{"rendered":"<p>\u00c1ltal\u00e1nos Szerz\u0151d\u00e9si Felt\u00e9telek Szolg\u00e1ltat\u00f3 adatai A web\u00e1ruh\u00e1z \u00fczemeltet\u0151je a Sneakyard, sz\u00e9khelye B\u00e9k\u00e9scsaba, ad\u00f3sz\u00e1ma [ad\u00f3sz\u00e1m], c\u00e9gjegyz\u00e9ksz\u00e1ma vagy egy\u00e9ni v\u00e1llalkoz\u00f3i nyilv\u00e1ntart\u00e1si sz\u00e1ma [sz\u00e1m], e-mail c\u00edme [e-mail], telefonsz\u00e1ma [telefonsz\u00e1m], weboldala [domain]. A tov\u00e1bbiakban Szolg\u00e1ltat\u00f3. Az \u00c1SZF hat\u00e1lya Jelen \u00c1ltal\u00e1nos Szerz\u0151d\u00e9si Felt\u00e9telek a Szolg\u00e1ltat\u00f3 \u00e1ltal \u00fczemeltetett web\u00e1ruh\u00e1zban leadott rendel\u00e9sekre vonatkoznak. A v\u00e1s\u00e1rl\u00e1s felt\u00e9tele az \u00c1SZF elfogad\u00e1sa. A szerz\u0151d\u00e9s elektronikus [&hellip;]<\/p>\n","protected":false},"author":1,"featured_media":0,"parent":0,"menu_order":0,"comment_status":"closed","ping_status":"closed","template":"","meta":{"_acf_changed":false,"footnotes":""},"class_list":["post-310","page","type-page","status-publish","hentry"],"acf":[],"yoast_head":"<!-- This site is optimized with the Yoast SEO plugin v27.3 - https:\/\/yoast.com\/product\/yoast-seo-wordpress\/ -->\n<title>\u00c1SZF - Sneakyard<\/title>\n<meta name=\"robots\" content=\"index, follow, max-snippet:-1, max-image-preview:large, max-video-preview:-1\" \/>\n<link rel=\"canonical\" href=\"https:\/\/kerdoerik.keriweb.hu\/en\/aszf\/\" \/>\n<meta property=\"og:locale\" content=\"en_GB\" \/>\n<meta property=\"og:type\" content=\"article\" \/>\n<meta property=\"og:title\" content=\"\u00c1SZF - Sneakyard\" \/>\n<meta property=\"og:description\" content=\"\u00c1ltal\u00e1nos Szerz\u0151d\u00e9si Felt\u00e9telek Szolg\u00e1ltat\u00f3 adatai A web\u00e1ruh\u00e1z \u00fczemeltet\u0151je a Sneakyard, sz\u00e9khelye B\u00e9k\u00e9scsaba, ad\u00f3sz\u00e1ma [ad\u00f3sz\u00e1m], c\u00e9gjegyz\u00e9ksz\u00e1ma vagy egy\u00e9ni v\u00e1llalkoz\u00f3i nyilv\u00e1ntart\u00e1si sz\u00e1ma [sz\u00e1m], e-mail c\u00edme [e-mail], telefonsz\u00e1ma [telefonsz\u00e1m], weboldala [domain]. A tov\u00e1bbiakban Szolg\u00e1ltat\u00f3. Az \u00c1SZF hat\u00e1lya Jelen \u00c1ltal\u00e1nos Szerz\u0151d\u00e9si Felt\u00e9telek a Szolg\u00e1ltat\u00f3 \u00e1ltal \u00fczemeltetett web\u00e1ruh\u00e1zban leadott rendel\u00e9sekre vonatkoznak. A v\u00e1s\u00e1rl\u00e1s felt\u00e9tele az \u00c1SZF elfogad\u00e1sa. A szerz\u0151d\u00e9s elektronikus [&hellip;]\" \/>\n<meta property=\"og:url\" content=\"https:\/\/kerdoerik.keriweb.hu\/en\/aszf\/\" \/>\n<meta property=\"og:site_name\" content=\"Sneakyard\" \/>\n<meta property=\"article:modified_time\" content=\"2026-01-27T09:28:33+00:00\" \/>\n<meta name=\"twitter:card\" content=\"summary_large_image\" \/>\n<meta name=\"twitter:label1\" content=\"Estimated reading time\" \/>\n\t<meta name=\"twitter:data1\" content=\"2 minutes\" \/>\n<script type=\"application\/ld+json\" class=\"yoast-schema-graph\">{\"@context\":\"https:\\\/\\\/schema.org\",\"@graph\":[{\"@type\":\"WebPage\",\"@id\":\"https:\\\/\\\/kerdoerik.keriweb.hu\\\/aszf\\\/\",\"url\":\"https:\\\/\\\/kerdoerik.keriweb.hu\\\/aszf\\\/\",\"name\":\"\u00c1SZF - Sneakyard\",\"isPartOf\":{\"@id\":\"https:\\\/\\\/kerdoerik.keriweb.hu\\\/#website\"},\"datePublished\":\"2026-01-27T09:24:12+00:00\",\"dateModified\":\"2026-01-27T09:28:33+00:00\",\"breadcrumb\":{\"@id\":\"https:\\\/\\\/kerdoerik.keriweb.hu\\\/aszf\\\/#breadcrumb\"},\"inLanguage\":\"en-GB\",\"potentialAction\":[{\"@type\":\"ReadAction\",\"target\":[\"https:\\\/\\\/kerdoerik.keriweb.hu\\\/aszf\\\/\"]}]},{\"@type\":\"BreadcrumbList\",\"@id\":\"https:\\\/\\\/kerdoerik.keriweb.hu\\\/aszf\\\/#breadcrumb\",\"itemListElement\":[{\"@type\":\"ListItem\",\"position\":1,\"name\":\"Kezd\u0151lap\",\"item\":\"https:\\\/\\\/kerdoerik.keriweb.hu\\\/\"},{\"@type\":\"ListItem\",\"position\":2,\"name\":\"\u00c1SZF\"}]},{\"@type\":\"WebSite\",\"@id\":\"https:\\\/\\\/kerdoerik.keriweb.hu\\\/#website\",\"url\":\"https:\\\/\\\/kerdoerik.keriweb.hu\\\/\",\"name\":\"Sneakyard\",\"description\":\"My WordPress Blog\",\"publisher\":{\"@id\":\"https:\\\/\\\/kerdoerik.keriweb.hu\\\/#organization\"},\"potentialAction\":[{\"@type\":\"SearchAction\",\"target\":{\"@type\":\"EntryPoint\",\"urlTemplate\":\"https:\\\/\\\/kerdoerik.keriweb.hu\\\/?s={search_term_string}\"},\"query-input\":{\"@type\":\"PropertyValueSpecification\",\"valueRequired\":true,\"valueName\":\"search_term_string\"}}],\"inLanguage\":\"en-GB\"},{\"@type\":\"Organization\",\"@id\":\"https:\\\/\\\/kerdoerik.keriweb.hu\\\/#organization\",\"name\":\"Sneakyard\",\"url\":\"https:\\\/\\\/kerdoerik.keriweb.hu\\\/\",\"logo\":{\"@type\":\"ImageObject\",\"inLanguage\":\"en-GB\",\"@id\":\"https:\\\/\\\/kerdoerik.keriweb.hu\\\/#\\\/schema\\\/logo\\\/image\\\/\",\"url\":\"https:\\\/\\\/kerdoerik.keriweb.hu\\\/wp-content\\\/uploads\\\/2026\\\/01\\\/cropped-cipo-webshop-sneakyard-logo.jpg\",\"contentUrl\":\"https:\\\/\\\/kerdoerik.keriweb.hu\\\/wp-content\\\/uploads\\\/2026\\\/01\\\/cropped-cipo-webshop-sneakyard-logo.jpg\",\"width\":1599,\"height\":386,\"caption\":\"Sneakyard\"},\"image\":{\"@id\":\"https:\\\/\\\/kerdoerik.keriweb.hu\\\/#\\\/schema\\\/logo\\\/image\\\/\"}}]}<\/script>\n<!-- \/ Yoast SEO plugin. -->","yoast_head_json":{"title":"\u00c1SZF - Sneakyard","robots":{"index":"index","follow":"follow","max-snippet":"max-snippet:-1","max-image-preview":"max-image-preview:large","max-video-preview":"max-video-preview:-1"},"canonical":"https:\/\/kerdoerik.keriweb.hu\/en\/aszf\/","og_locale":"en_GB","og_type":"article","og_title":"\u00c1SZF - Sneakyard","og_description":"\u00c1ltal\u00e1nos Szerz\u0151d\u00e9si Felt\u00e9telek Szolg\u00e1ltat\u00f3 adatai A web\u00e1ruh\u00e1z \u00fczemeltet\u0151je a Sneakyard, sz\u00e9khelye B\u00e9k\u00e9scsaba, ad\u00f3sz\u00e1ma [ad\u00f3sz\u00e1m], c\u00e9gjegyz\u00e9ksz\u00e1ma vagy egy\u00e9ni v\u00e1llalkoz\u00f3i nyilv\u00e1ntart\u00e1si sz\u00e1ma [sz\u00e1m], e-mail c\u00edme [e-mail], telefonsz\u00e1ma [telefonsz\u00e1m], weboldala [domain]. A tov\u00e1bbiakban Szolg\u00e1ltat\u00f3. Az \u00c1SZF hat\u00e1lya Jelen \u00c1ltal\u00e1nos Szerz\u0151d\u00e9si Felt\u00e9telek a Szolg\u00e1ltat\u00f3 \u00e1ltal \u00fczemeltetett web\u00e1ruh\u00e1zban leadott rendel\u00e9sekre vonatkoznak. A v\u00e1s\u00e1rl\u00e1s felt\u00e9tele az \u00c1SZF elfogad\u00e1sa. A szerz\u0151d\u00e9s elektronikus [&hellip;]","og_url":"https:\/\/kerdoerik.keriweb.hu\/en\/aszf\/","og_site_name":"Sneakyard","article_modified_time":"2026-01-27T09:28:33+00:00","twitter_card":"summary_large_image","twitter_misc":{"Estimated reading time":"2 minutes"},"schema":{"@context":"https:\/\/schema.org","@graph":[{"@type":"WebPage","@id":"https:\/\/kerdoerik.keriweb.hu\/aszf\/","url":"https:\/\/kerdoerik.keriweb.hu\/aszf\/","name":"\u00c1SZF - Sneakyard","isPartOf":{"@id":"https:\/\/kerdoerik.keriweb.hu\/#website"},"datePublished":"2026-01-27T09:24:12+00:00","dateModified":"2026-01-27T09:28:33+00:00","breadcrumb":{"@id":"https:\/\/kerdoerik.keriweb.hu\/aszf\/#breadcrumb"},"inLanguage":"en-GB","potentialAction":[{"@type":"ReadAction","target":["https:\/\/kerdoerik.keriweb.hu\/aszf\/"]}]},{"@type":"BreadcrumbList","@id":"https:\/\/kerdoerik.keriweb.hu\/aszf\/#breadcrumb","itemListElement":[{"@type":"ListItem","position":1,"name":"Kezd\u0151lap","item":"https:\/\/kerdoerik.keriweb.hu\/"},{"@type":"ListItem","position":2,"name":"\u00c1SZF"}]},{"@type":"WebSite","@id":"https:\/\/kerdoerik.keriweb.hu\/#website","url":"https:\/\/kerdoerik.keriweb.hu\/","name":"Sneakyard","description":"My WordPress Blog","publisher":{"@id":"https:\/\/kerdoerik.keriweb.hu\/#organization"},"potentialAction":[{"@type":"SearchAction","target":{"@type":"EntryPoint","urlTemplate":"https:\/\/kerdoerik.keriweb.hu\/?s={search_term_string}"},"query-input":{"@type":"PropertyValueSpecification","valueRequired":true,"valueName":"search_term_string"}}],"inLanguage":"en-GB"},{"@type":"Organization","@id":"https:\/\/kerdoerik.keriweb.hu\/#organization","name":"Sneakyard","url":"https:\/\/kerdoerik.keriweb.hu\/","logo":{"@type":"ImageObject","inLanguage":"en-GB","@id":"https:\/\/kerdoerik.keriweb.hu\/#\/schema\/logo\/image\/","url":"https:\/\/kerdoerik.keriweb.hu\/wp-content\/uploads\/2026\/01\/cropped-cipo-webshop-sneakyard-logo.jpg","contentUrl":"https:\/\/kerdoerik.keriweb.hu\/wp-content\/uploads\/2026\/01\/cropped-cipo-webshop-sneakyard-logo.jpg","width":1599,"height":386,"caption":"Sneakyard"},"image":{"@id":"https:\/\/kerdoerik.keriweb.hu\/#\/schema\/logo\/image\/"}}]}},"_links":{"self":[{"href":"https:\/\/kerdoerik.keriweb.hu\/en\/wp-json\/wp\/v2\/pages\/310","targetHints":{"allow":["GET"]}}],"collection":[{"href":"https:\/\/kerdoerik.keriweb.hu\/en\/wp-json\/wp\/v2\/pages"}],"about":[{"href":"https:\/\/kerdoerik.keriweb.hu\/en\/wp-json\/wp\/v2\/types\/page"}],"author":[{"embeddable":true,"href":"https:\/\/kerdoerik.keriweb.hu\/en\/wp-json\/wp\/v2\/users\/1"}],"replies":[{"embeddable":true,"href":"https:\/\/kerdoerik.keriweb.hu\/en\/wp-json\/wp\/v2\/comments?post=310"}],"version-history":[{"count":3,"href":"https:\/\/kerdoerik.keriweb.hu\/en\/wp-json\/wp\/v2\/pages\/310\/revisions"}],"predecessor-version":[{"id":315,"href":"https:\/\/kerdoerik.keriweb.hu\/en\/wp-json\/wp\/v2\/pages\/310\/revisions\/315"}],"wp:attachment":[{"href":"https:\/\/kerdoerik.keriweb.hu\/en\/wp-json\/wp\/v2\/media?parent=310"}],"curies":[{"name":"wp","href":"https:\/\/api.w.org\/{rel}","templated":true}]}}